{"id":280,"date":"2021-08-24T02:09:01","date_gmt":"2021-08-24T02:09:01","guid":{"rendered":"https:\/\/mnngoisaoviet.com\/?page_id=280"},"modified":"2021-08-30T17:23:07","modified_gmt":"2021-08-30T10:23:07","slug":"quy-trinh-tuyen-sinh","status":"publish","type":"page","link":"https:\/\/mnngoisaoviet.com\/?page_id=280","title":{"rendered":"Quy Tr\u00ecnh Tuy\u1ec3n Sinh"},"content":{"rendered":"\t\t<div data-elementor-type=\"wp-page\" data-elementor-id=\"280\" class=\"elementor elementor-280\" data-elementor-settings=\"[]\">\n\t\t\t\t\t\t\t<div class=\"elementor-section-wrap\">\n\t\t\t\t\t\t\t<section class=\"elementor-section elementor-top-section elementor-element elementor-element-47a576eb elementor-section-boxed elementor-section-height-default elementor-section-height-default\" data-id=\"47a576eb\" data-element_type=\"section\" data-settings=\"{&quot;background_background&quot;:&quot;classic&quot;}\">\n\t\t\t\t\t\t<div class=\"elementor-container elementor-column-gap-wider\">\n\t\t\t\t\t<div class=\"elementor-column elementor-col-100 elementor-top-column elementor-element elementor-element-e7cf23a\" data-id=\"e7cf23a\" data-element_type=\"column\">\n\t\t\t<div class=\"elementor-widget-wrap elementor-element-populated\">\n\t\t\t\t\t\t\t\t<div class=\"elementor-element elementor-element-1e16ba65 elementor-widget elementor-widget-heading\" data-id=\"1e16ba65\" data-element_type=\"widget\" data-widget_type=\"heading.default\">\n\t\t\t\t<div class=\"elementor-widget-container\">\n\t\t\t<h1 class=\"elementor-heading-title elementor-size-default\">QUY TR\u00ccNH TUY\u1ec2N SINH<\/h1>\t\t<\/div>\n\t\t\t\t<\/div>\n\t\t\t\t<div class=\"elementor-element elementor-element-5aca6d97 elementor-absolute elementor-hidden-phone elementor-widget elementor-widget-heading\" data-id=\"5aca6d97\" data-element_type=\"widget\" data-settings=\"{&quot;_position&quot;:&quot;absolute&quot;}\" data-widget_type=\"heading.default\">\n\t\t\t\t<div class=\"elementor-widget-container\">\n\t\t\t<div class=\"elementor-heading-title elementor-size-default\">VIET STARS<\/div>\t\t<\/div>\n\t\t\t\t<\/div>\n\t\t\t\t<div class=\"elementor-element elementor-element-2b96e06b elementor-widget__width-auto elementor-absolute elementor-hidden-phone elementor-widget elementor-widget-spacer\" data-id=\"2b96e06b\" data-element_type=\"widget\" data-settings=\"{&quot;motion_fx_motion_fx_mouse&quot;:&quot;yes&quot;,&quot;motion_fx_mouseTrack_effect&quot;:&quot;yes&quot;,&quot;_position&quot;:&quot;absolute&quot;,&quot;motion_fx_mouseTrack_speed&quot;:{&quot;unit&quot;:&quot;px&quot;,&quot;size&quot;:0.5,&quot;sizes&quot;:[]},&quot;motion_fx_tilt_effect&quot;:&quot;yes&quot;,&quot;motion_fx_tilt_speed&quot;:{&quot;unit&quot;:&quot;px&quot;,&quot;size&quot;:&quot;&quot;,&quot;sizes&quot;:[]}}\" data-widget_type=\"spacer.default\">\n\t\t\t\t<div class=\"elementor-widget-container\">\n\t\t\t\t\t<div class=\"elementor-spacer\">\n\t\t\t<div class=\"elementor-spacer-inner\"><\/div>\n\t\t<\/div>\n\t\t\t\t<\/div>\n\t\t\t\t<\/div>\n\t\t\t\t<div class=\"elementor-element elementor-element-2122c580 elementor-widget__width-auto elementor-absolute elementor-hidden-phone elementor-widget elementor-widget-spacer\" data-id=\"2122c580\" data-element_type=\"widget\" data-settings=\"{&quot;motion_fx_motion_fx_mouse&quot;:&quot;yes&quot;,&quot;motion_fx_mouseTrack_effect&quot;:&quot;yes&quot;,&quot;_position&quot;:&quot;absolute&quot;,&quot;motion_fx_mouseTrack_speed&quot;:{&quot;unit&quot;:&quot;px&quot;,&quot;size&quot;:0.8,&quot;sizes&quot;:[]},&quot;motion_fx_tilt_effect&quot;:&quot;yes&quot;,&quot;motion_fx_tilt_speed&quot;:{&quot;unit&quot;:&quot;px&quot;,&quot;size&quot;:&quot;&quot;,&quot;sizes&quot;:[]}}\" data-widget_type=\"spacer.default\">\n\t\t\t\t<div class=\"elementor-widget-container\">\n\t\t\t\t\t<div class=\"elementor-spacer\">\n\t\t\t<div class=\"elementor-spacer-inner\"><\/div>\n\t\t<\/div>\n\t\t\t\t<\/div>\n\t\t\t\t<\/div>\n\t\t\t\t<div class=\"elementor-element elementor-element-62375741 elementor-widget__width-auto elementor-absolute elementor-hidden-tablet elementor-hidden-phone elementor-widget elementor-widget-spacer\" data-id=\"62375741\" data-element_type=\"widget\" data-settings=\"{&quot;motion_fx_motion_fx_mouse&quot;:&quot;yes&quot;,&quot;motion_fx_mouseTrack_effect&quot;:&quot;yes&quot;,&quot;_position&quot;:&quot;absolute&quot;,&quot;motion_fx_mouseTrack_direction&quot;:&quot;negative&quot;,&quot;motion_fx_mouseTrack_speed&quot;:{&quot;unit&quot;:&quot;px&quot;,&quot;size&quot;:0.7,&quot;sizes&quot;:[]},&quot;motion_fx_tilt_effect&quot;:&quot;yes&quot;,&quot;motion_fx_tilt_speed&quot;:{&quot;unit&quot;:&quot;px&quot;,&quot;size&quot;:&quot;&quot;,&quot;sizes&quot;:[]}}\" data-widget_type=\"spacer.default\">\n\t\t\t\t<div class=\"elementor-widget-container\">\n\t\t\t\t\t<div class=\"elementor-spacer\">\n\t\t\t<div class=\"elementor-spacer-inner\"><\/div>\n\t\t<\/div>\n\t\t\t\t<\/div>\n\t\t\t\t<\/div>\n\t\t\t\t\t<\/div>\n\t\t<\/div>\n\t\t\t\t\t\t\t<\/div>\n\t\t<\/section>\n\t\t\t\t<section class=\"elementor-section elementor-top-section elementor-element elementor-element-5e07898 elementor-section-boxed elementor-section-height-default elementor-section-height-default\" data-id=\"5e07898\" data-element_type=\"section\">\n\t\t\t\t\t\t<div class=\"elementor-container elementor-column-gap-default\">\n\t\t\t\t\t<div class=\"elementor-column elementor-col-100 elementor-top-column elementor-element elementor-element-5833713\" data-id=\"5833713\" data-element_type=\"column\">\n\t\t\t<div class=\"elementor-widget-wrap elementor-element-populated\">\n\t\t\t\t\t\t\t\t<div class=\"elementor-element elementor-element-b63aaa0 elementor-widget elementor-widget-heading\" data-id=\"b63aaa0\" data-element_type=\"widget\" data-widget_type=\"heading.default\">\n\t\t\t\t<div class=\"elementor-widget-container\">\n\t\t\t<h5 class=\"elementor-heading-title elementor-size-default\">I. QUY TR\u00ccNH TUY\u1ec2N SINH<\/h5>\t\t<\/div>\n\t\t\t\t<\/div>\n\t\t\t\t<div class=\"elementor-element elementor-element-0d86e0a elementor-widget elementor-widget-image\" data-id=\"0d86e0a\" data-element_type=\"widget\" data-widget_type=\"image.default\">\n\t\t\t\t<div class=\"elementor-widget-container\">\n\t\t\t\t\t\t\t\t\t\t\t\t\t\t\t<img decoding=\"async\" width=\"713\" height=\"336\" src=\"https:\/\/mnngoisaoviet.com\/wp-content\/uploads\/2021\/08\/chart.png\" class=\"attachment-full size-full\" alt=\"\" loading=\"lazy\" \/>\t\t\t\t\t\t\t\t\t\t\t\t\t\t\t<\/div>\n\t\t\t\t<\/div>\n\t\t\t\t<div class=\"elementor-element elementor-element-38246dd elementor-widget elementor-widget-heading\" data-id=\"38246dd\" data-element_type=\"widget\" data-widget_type=\"heading.default\">\n\t\t\t\t<div class=\"elementor-widget-container\">\n\t\t\t<h5 class=\"elementor-heading-title elementor-size-default\">II. D\u1ef0 TUY\u1ec2N \u0110\u1ea6U V\u00c0O<\/h5>\t\t<\/div>\n\t\t\t\t<\/div>\n\t\t\t\t<div class=\"elementor-element elementor-element-24c36e9 elementor-widget elementor-widget-text-editor\" data-id=\"24c36e9\" data-element_type=\"widget\" data-widget_type=\"text-editor.default\">\n\t\t\t\t<div class=\"elementor-widget-container\">\n\t\t\t\t\t\t\t<ul><li>Vi\u1ec7c tuy\u1ec3n sinh c\u00e1c l\u1edbp tu\u00e2n th\u1ee7 theo quy \u0111\u1ecbnh c\u1ee7a S\u1edf Gi\u00e1o d\u1ee5c v\u00e0 \u0110\u00e0o t\u1ea1o.<\/li><li>\u0110\u1ed1i v\u1edbi tr\u1ebb m\u1ea7m non, k\u1ef3 d\u1ef1 tuy\u1ec3n \u0111\u1ea7u v\u00e0o l\u00e0 \u0111\u1ec3 n\u1eafm b\u1eaft \u0111\u1eb7c \u0111i\u1ec3m v\u00e0 kh\u1ea3 n\u0103ng c\u1ee7a t\u1eebng h\u1ecdc sinh, t\u1eeb \u0111\u00f3 c\u00f3 nh\u1eefng l\u01b0u \u00fd v\u1edbi gi\u00e1o vi\u00ean ch\u1ee7 nhi\u1ec7m khi nh\u1eadn l\u1edbp, trong qu\u00e1 tr\u00ecnh ch\u0103m s\u00f3c, gi\u00e1o d\u1ee5c s\u1ebd c\u00f3 nh\u1eefng t\u00e1c \u0111\u1ed9ng ph\u00f9 h\u1ee3p cho s\u1ef1 ph\u00e1t tri\u1ec3n c\u1ee7a h\u1ecdc sinh. Nh\u00e0 tr\u01b0\u1eddng kh\u00f4ng ti\u1ebfp nh\u1eadn h\u1ecdc sinh \u0111ang m\u1eafc b\u1ec7nh truy\u1ec1n nhi\u1ec5m, b\u1ec7nh b\u1ea9m sinh nguy hi\u1ec3m do c\u00e1c y\u1ebfu t\u1ed1 v\u1ec1 y t\u1ebf.<\/li><li>N\u1ed9i dung c\u1ee7a k\u1ef3 d\u1ef1 tuy\u1ec3n \u0111\u1ea7u v\u00e0o: k\u1ef3 d\u1ef1 tuy\u1ec3n \u0111\u1ea7u v\u00e0o c\u1ea5p m\u1ea7m non c\u1ee7a Viet Stars th\u1ef1c hi\u1ec7n qua h\u00ecnh th\u1ee9c ph\u1ecfng v\u1ea5n, nh\u01b0ng th\u1ef1c ch\u1ea5t l\u00e0 c\u00e1c cu\u1ed9c tr\u00f2 chuy\u1ec7n c\u1ee7a c\u00f4 tr\u00f2, b\u1eb1ng l\u1eddi n\u00f3i ho\u1eb7c b\u1eb1ng c\u1eed ch\u1ec9, ng\u00f4n ng\u1eef c\u01a1 th\u1ec3. Th\u00f4ng qua tr\u00f2 chuy\u1ec7n trao \u0111\u1ed5i c\u00f9ng h\u1ecdc sinh v\u00e0 cha m\u1eb9, c\u00e1c c\u00f4 c\u00f3 th\u1ec3 s\u1eed d\u1ee5ng c\u00e1c \u0111\u1ed3 d\u00f9ng, \u0111\u1ed3 ch\u01a1i ph\u00f9 h\u1ee3p ho\u1eb7c t\u1ed5 ch\u1ee9c c\u00e1c tr\u00f2 ch\u01a1i thu h\u00fat h\u1ecdc sinh, t\u1ea1o t\u00ecnh hu\u1ed1ng \u0111\u1ec3 h\u1ecdc sinh b\u1ed9c l\u1ed9, qua \u0111\u00f3 c\u00e1c gi\u00e1o vi\u00ean c\u00f3 th\u1ec3 n\u1eafm b\u1eaft \u0111\u01b0\u1ee3c nh\u1eefng bi\u1ec3u hi\u1ec7n, k\u1ef9 n\u0103ng c\u1ee7a h\u1ecdc sinh. N\u1ed9i dung gi\u00e1o vi\u00ean \u0111\u01b0a ra l\u00e0 nh\u1eefng ki\u1ebfn th\u1ee9c \u0111\u01a1n gi\u1ea3n, c\u00e1c k\u1ef9 n\u0103ng nh\u1eadn th\u1ee9c c\u01a1 b\u1ea3n g\u1ea7n g\u0169i ph\u00f9 h\u1ee3p v\u1edbi l\u1ee9a tu\u1ed5i; c\u00e1c k\u1ef9 n\u0103ng v\u1eadn \u0111\u1ed9ng c\u01a1 b\u1ea3n (c\u1ea7m, n\u1eafm, x\u1ebfp ch\u1ed3ng, v\u1eadn \u0111\u1ed9ng th\u00f4 nh\u01b0 \u0111i, ch\u1ea1y, b\u1eadt nh\u1ea3y\u2026) v\u1edbi m\u1ee9c \u0111\u1ed9 ph\u00f9 h\u1ee3p v\u1edbi l\u1ee9a tu\u1ed5i.<\/li><\/ul>\t\t\t\t\t\t<\/div>\n\t\t\t\t<\/div>\n\t\t\t\t<div class=\"elementor-element elementor-element-a50e2eb elementor-widget elementor-widget-heading\" data-id=\"a50e2eb\" data-element_type=\"widget\" data-widget_type=\"heading.default\">\n\t\t\t\t<div class=\"elementor-widget-container\">\n\t\t\t<h5 class=\"elementor-heading-title elementor-size-default\">III. H\u01af\u1edaNG D\u1eaaN V\u1ec0 H\u1ed2 S\u01a0<\/h5>\t\t<\/div>\n\t\t\t\t<\/div>\n\t\t\t\t<div class=\"elementor-element elementor-element-53a6d3f elementor-icon-list--layout-traditional elementor-list-item-link-full_width elementor-widget elementor-widget-icon-list\" data-id=\"53a6d3f\" data-element_type=\"widget\" data-widget_type=\"icon-list.default\">\n\t\t\t\t<div class=\"elementor-widget-container\">\n\t\t\t\t\t<ul class=\"elementor-icon-list-items\">\n\t\t\t\t\t\t\t<li class=\"elementor-icon-list-item\">\n\t\t\t\t\t\t\t\t\t\t\t<span class=\"elementor-icon-list-icon\">\n\t\t\t\t\t\t\t<i aria-hidden=\"true\" class=\"fas fa-circle\"><\/i>\t\t\t\t\t\t<\/span>\n\t\t\t\t\t\t\t\t\t\t<span class=\"elementor-icon-list-text\">\u0110\u1ed1i v\u1edbi h\u1ecdc sinh v\u00e0o c\u1ea5p M\u1ea7m non:<\/span>\n\t\t\t\t\t\t\t\t\t<\/li>\n\t\t\t\t\t\t<\/ul>\n\t\t\t\t<\/div>\n\t\t\t\t<\/div>\n\t\t\t\t<div class=\"elementor-element elementor-element-49a8507 elementor-widget elementor-widget-htmega-datatable-addons\" data-id=\"49a8507\" data-element_type=\"widget\" data-widget_type=\"htmega-datatable-addons.default\">\n\t\t\t\t<div class=\"elementor-widget-container\">\n\t\t\t        <div class=\"htmega-table-style htmega-table-style-1 htb-table-responsive\">\n            <table class=\"htb-table \">\n                                    <thead>\n                        <tr>\n                            <th>STT<\/th><th>Danh M\u1ee5c h\u1ed3 s\u01a1<\/th><th>H\u1ed3 s\u01a1 n\u1ed9p khi d\u1ef1 tuy\u1ec3n<\/th><th>H\u1ed3 s\u01a1 n\u1ed9p khi nh\u1eadp h\u1ecdc<\/th>                        <\/tr>\n                    <\/thead>\n                                <tbody>\n                                            <tr>\n                                                            <td>1<\/td>\n                                                            <td>01 \u1ea3nh th\u1ebb c\u1ee1 4\u00d76 c\u1ee7a H\u1ecdc sinh m\u1edbi ch\u1ee5p trong th\u1eddi gian 01 th\u00e1ng <\/td>\n                                                            <td>x<\/td>\n                                                            <td>x<\/td>\n                                                    <\/tr>\n                                            <tr>\n                                                            <td>2<\/td>\n                                                            <td>Ho\u00e0n thi\u1ec7n Phi\u1ebfu \u0111\u0103ng k\u00fd nh\u1eadp h\u1ecdc<\/td>\n                                                            <td>x<\/td>\n                                                            <td><\/td>\n                                                    <\/tr>\n                                            <tr>\n                                                            <td>3<\/td>\n                                                            <td>01 gi\u1ea5y khai sinh c\u1ee7a H\u1ecdc sinh (photo c\u00f4ng ch\u1ee9ng)<\/td>\n                                                            <td><\/td>\n                                                            <td>x<\/td>\n                                                    <\/tr>\n                                            <tr>\n                                                            <td>4<\/td>\n                                                            <td>Phi\u1ebfu cam k\u1ebft b\u1ea3o m\u1eadt s\u1eed d\u1ee5ng Camera (b\u1ea3n c\u1ee9ng)<\/td>\n                                                            <td><\/td>\n                                                            <td>x<\/td>\n                                                    <\/tr>\n                                            <tr>\n                                                            <td>5<\/td>\n                                                            <td>S\u1ed5 h\u1ed9 kh\u1ea9u (Photo c\u00f4ng ch\u1ee9ng)<\/td>\n                                                            <td><\/td>\n                                                            <td>x<\/td>\n                                                    <\/tr>\n                                            <tr>\n                                                            <td>6<\/td>\n                                                            <td>S\u1ed5 ti\u00eam ch\u1ee7ng (photo)<\/td>\n                                                            <td><\/td>\n                                                            <td>x<\/td>\n                                                    <\/tr>\n                                            <tr>\n                                                            <td>7<\/td>\n                                                            <td>01 \u1ea3nh th\u1ebb c\u1ee1 4\u00d76\u00a0v\u00e0 01 c\u0103n c\u01b0\u1edbc c\u00f4ng d\u00e2n ho\u1eb7c ch\u1ee9ng minh th\u01b0 nh\u00e2n d\u00e2n c\u1ee7a b\u1ed1 ru\u1ed9t c\u1ee7a H\u1ecdc sinh (photo)<\/td>\n                                                            <td><\/td>\n                                                            <td>x<\/td>\n                                                    <\/tr>\n                                            <tr>\n                                                            <td>8<\/td>\n                                                            <td>01 \u1ea3nh th\u1ebb c\u1ee1 4\u00d76\u00a0v\u00e0 01 c\u0103n c\u01b0\u1edbc c\u00f4ng d\u00e2n ho\u1eb7c ch\u1ee9ng minh th\u01b0 nh\u00e2n d\u00e2n c\u1ee7a m\u1eb9 ru\u1ed9t c\u1ee7a H\u1ecdc sinh (photo)<\/td>\n                                                            <td><\/td>\n                                                            <td>x<\/td>\n                                                    <\/tr>\n                                            <tr>\n                                                            <td>9<\/td>\n                                                            <td>01 \u1ea3nh th\u1ebb c\u1ee1 4\u00d76\u00a0v\u00e0 01 c\u0103n c\u01b0\u1edbc c\u00f4ng d\u00e2n ho\u1eb7c ch\u1ee9ng minh th\u01b0 nh\u00e2n d\u00e2n c\u1ee7a ng\u01b0\u1eddi gi\u00e1m h\u1ed9 \u0111\u0103ng k\u00fd \u0111\u00f3n H\u1ecdc sinh t\u1ea1i tr\u01b0\u1eddng (photo)<\/td>\n                                                            <td><\/td>\n                                                            <td>x<\/td>\n                                                    <\/tr>\n                                    <\/tbody>\n            <\/table>\n        <\/div>\n                \t\t<\/div>\n\t\t\t\t<\/div>\n\t\t\t\t<div class=\"elementor-element elementor-element-b24a49c elementor-widget elementor-widget-heading\" data-id=\"b24a49c\" data-element_type=\"widget\" data-widget_type=\"heading.default\">\n\t\t\t\t<div class=\"elementor-widget-container\">\n\t\t\t<h5 class=\"elementor-heading-title elementor-size-default\">IV. TH\u1edcI GIAN TUY\u1ec2N SINH<\/h5>\t\t<\/div>\n\t\t\t\t<\/div>\n\t\t\t\t<div class=\"elementor-element elementor-element-3f651eb elementor-widget elementor-widget-text-editor\" data-id=\"3f651eb\" data-element_type=\"widget\" data-widget_type=\"text-editor.default\">\n\t\t\t\t<div class=\"elementor-widget-container\">\n\t\t\t\t\t\t\t<ul><li>\u0110\u1ed1i v\u1edbi c\u1ea5p M\u1ea7m non: c\u00f4ng t\u00e1c tuy\u1ec3n sinh \u0111\u01b0\u1ee3c t\u1ed5 ch\u1ee9c b\u1eaft \u0111\u1ea7u t\u1eeb th\u00e1ng 1 h\u00e0ng n\u0103m v\u00e0 tuy\u1ec3n sinh li\u00ean t\u1ee5c trong n\u0103m h\u1ecdc \u0111\u1ed1i v\u1edbi c\u00e1c l\u1edbp c\u00f2n ch\u1ed7 tr\u1ed1ng.<\/li><\/ul>\t\t\t\t\t\t<\/div>\n\t\t\t\t<\/div>\n\t\t\t\t<div class=\"elementor-element elementor-element-e462402 elementor-widget elementor-widget-heading\" data-id=\"e462402\" data-element_type=\"widget\" data-widget_type=\"heading.default\">\n\t\t\t\t<div class=\"elementor-widget-container\">\n\t\t\t<h5 class=\"elementor-heading-title elementor-size-default\">V. \u0110\u0102NG K\u00dd TUY\u1ec2N SINH V\u00c0 T\u01af V\u1ea4N:<\/h5>\t\t<\/div>\n\t\t\t\t<\/div>\n\t\t\t\t<div class=\"elementor-element elementor-element-f7d2210 elementor-widget elementor-widget-text-editor\" data-id=\"f7d2210\" data-element_type=\"widget\" data-widget_type=\"text-editor.default\">\n\t\t\t\t<div class=\"elementor-widget-container\">\n\t\t\t\t\t\t\t<ul><li>Qu\u00fd Ph\u1ee5 huynh \u0111\u0103ng k\u00fd th\u00f4ng tin cho h\u1ecdc sinh\u00a0 <a href=\"https:\/\/mnngoisaoviet.com\/?page_id=556\"><strong><b>T\u1ea0I \u0110\u00c2Y<\/b><\/strong><\/a><\/li><li>Qu\u00fd Ph\u1ee5 huynh c\u00f3 nhu c\u1ea7u t\u01b0 v\u1ea5n c\u00e1c th\u00f4ng tin tuy\u1ec3n sinh xin vui l\u00f2ng li\u00ean h\u1ec7 hotline:<p>0210.222.8668 \/ 0862.043.888<\/p><\/li><li><p>\u0110\u1ecba ch\u1ec9: \u0110\u01b0\u1eddng L\u01b0u Quang V\u0169, t\u1ed5 H\u1ea1 B\u1ea1n, khu \u0110o\u00e0n K\u1ebft, ph\u01b0\u1eddng Minh N\u00f4ng, Vi\u1ec7t Tr\u00ec, Ph\u00fa Th\u1ecd<\/p><\/li><\/ul>\t\t\t\t\t\t<\/div>\n\t\t\t\t<\/div>\n\t\t\t\t\t<\/div>\n\t\t<\/div>\n\t\t\t\t\t\t\t<\/div>\n\t\t<\/section>\n\t\t\t\t\t\t<\/div>\n\t\t\t\t\t<\/div>\n\t\t","protected":false},"excerpt":{"rendered":"<p>QUY TR\u00ccNH TUY\u1ec2N SINH VIET STARS I. QUY TR\u00ccNH TUY\u1ec2N SINH II. D\u1ef0 TUY\u1ec2N \u0110\u1ea6U V\u00c0O Vi\u1ec7c tuy\u1ec3n sinh c\u00e1c l\u1edbp tu\u00e2n th\u1ee7 theo quy \u0111\u1ecbnh c\u1ee7a S\u1edf Gi\u00e1o d\u1ee5c v\u00e0 \u0110\u00e0o t\u1ea1o. \u0110\u1ed1i v\u1edbi tr\u1ebb m\u1ea7m non, k\u1ef3 d\u1ef1 tuy\u1ec3n \u0111\u1ea7u v\u00e0o l\u00e0 \u0111\u1ec3 n\u1eafm b\u1eaft \u0111\u1eb7c \u0111i\u1ec3m v\u00e0 kh\u1ea3 n\u0103ng c\u1ee7a t\u1eebng h\u1ecdc [&hellip;]<\/p>\n","protected":false},"author":1,"featured_media":0,"parent":0,"menu_order":0,"comment_status":"closed","ping_status":"closed","template":"","meta":{"om_disable_all_campaigns":false,"_monsterinsights_skip_tracking":false,"_monsterinsights_sitenote_active":false,"_monsterinsights_sitenote_note":"","_monsterinsights_sitenote_category":0},"_links":{"self":[{"href":"https:\/\/mnngoisaoviet.com\/index.php?rest_route=\/wp\/v2\/pages\/280"}],"collection":[{"href":"https:\/\/mnngoisaoviet.com\/index.php?rest_route=\/wp\/v2\/pages"}],"about":[{"href":"https:\/\/mnngoisaoviet.com\/index.php?rest_route=\/wp\/v2\/types\/page"}],"author":[{"embeddable":true,"href":"https:\/\/mnngoisaoviet.com\/index.php?rest_route=\/wp\/v2\/users\/1"}],"replies":[{"embeddable":true,"href":"https:\/\/mnngoisaoviet.com\/index.php?rest_route=%2Fwp%2Fv2%2Fcomments&post=280"}],"version-history":[{"count":7,"href":"https:\/\/mnngoisaoviet.com\/index.php?rest_route=\/wp\/v2\/pages\/280\/revisions"}],"predecessor-version":[{"id":878,"href":"https:\/\/mnngoisaoviet.com\/index.php?rest_route=\/wp\/v2\/pages\/280\/revisions\/878"}],"wp:attachment":[{"href":"https:\/\/mnngoisaoviet.com\/index.php?rest_route=%2Fwp%2Fv2%2Fmedia&parent=280"}],"curies":[{"name":"wp","href":"https:\/\/api.w.org\/{rel}","templated":true}]}}