{"id":278,"date":"2021-08-24T02:08:12","date_gmt":"2021-08-24T02:08:12","guid":{"rendered":"https:\/\/mnngoisaoviet.com\/?page_id=278"},"modified":"2021-12-29T11:08:13","modified_gmt":"2021-12-29T04:08:13","slug":"quy-che-tuyen-sinh","status":"publish","type":"page","link":"https:\/\/mnngoisaoviet.com\/?page_id=278","title":{"rendered":"Quy Ch\u1ebf Tuy\u1ec3n Sinh"},"content":{"rendered":"\t\t<div data-elementor-type=\"wp-page\" data-elementor-id=\"278\" class=\"elementor elementor-278\" data-elementor-settings=\"[]\">\n\t\t\t\t\t\t\t<div class=\"elementor-section-wrap\">\n\t\t\t\t\t\t\t<section class=\"elementor-section elementor-top-section elementor-element elementor-element-42a56a7e elementor-section-boxed elementor-section-height-default elementor-section-height-default\" data-id=\"42a56a7e\" data-element_type=\"section\" data-settings=\"{&quot;background_background&quot;:&quot;classic&quot;}\">\n\t\t\t\t\t\t<div class=\"elementor-container elementor-column-gap-wider\">\n\t\t\t\t\t<div class=\"elementor-column elementor-col-100 elementor-top-column elementor-element elementor-element-3734ef3e\" data-id=\"3734ef3e\" data-element_type=\"column\">\n\t\t\t<div class=\"elementor-widget-wrap elementor-element-populated\">\n\t\t\t\t\t\t\t\t<div class=\"elementor-element elementor-element-f9f155e elementor-widget elementor-widget-heading\" data-id=\"f9f155e\" data-element_type=\"widget\" data-widget_type=\"heading.default\">\n\t\t\t\t<div class=\"elementor-widget-container\">\n\t\t\t<h1 class=\"elementor-heading-title elementor-size-default\">QUY CH\u1ebe TUY\u1ec2N SINH<\/h1>\t\t<\/div>\n\t\t\t\t<\/div>\n\t\t\t\t<div class=\"elementor-element elementor-element-1de441d3 elementor-absolute elementor-hidden-phone elementor-widget elementor-widget-heading\" data-id=\"1de441d3\" data-element_type=\"widget\" data-settings=\"{&quot;_position&quot;:&quot;absolute&quot;}\" data-widget_type=\"heading.default\">\n\t\t\t\t<div class=\"elementor-widget-container\">\n\t\t\t<div class=\"elementor-heading-title elementor-size-default\">VIET STARS<\/div>\t\t<\/div>\n\t\t\t\t<\/div>\n\t\t\t\t<div class=\"elementor-element elementor-element-77c9b309 elementor-widget__width-auto elementor-absolute elementor-hidden-phone elementor-widget elementor-widget-spacer\" data-id=\"77c9b309\" data-element_type=\"widget\" data-settings=\"{&quot;motion_fx_motion_fx_mouse&quot;:&quot;yes&quot;,&quot;motion_fx_mouseTrack_effect&quot;:&quot;yes&quot;,&quot;_position&quot;:&quot;absolute&quot;,&quot;motion_fx_mouseTrack_speed&quot;:{&quot;unit&quot;:&quot;px&quot;,&quot;size&quot;:0.5,&quot;sizes&quot;:[]},&quot;motion_fx_tilt_effect&quot;:&quot;yes&quot;,&quot;motion_fx_tilt_speed&quot;:{&quot;unit&quot;:&quot;px&quot;,&quot;size&quot;:&quot;&quot;,&quot;sizes&quot;:[]}}\" data-widget_type=\"spacer.default\">\n\t\t\t\t<div class=\"elementor-widget-container\">\n\t\t\t\t\t<div class=\"elementor-spacer\">\n\t\t\t<div class=\"elementor-spacer-inner\"><\/div>\n\t\t<\/div>\n\t\t\t\t<\/div>\n\t\t\t\t<\/div>\n\t\t\t\t<div class=\"elementor-element elementor-element-762b7766 elementor-widget__width-auto elementor-absolute elementor-hidden-phone elementor-widget elementor-widget-spacer\" data-id=\"762b7766\" data-element_type=\"widget\" data-settings=\"{&quot;motion_fx_motion_fx_mouse&quot;:&quot;yes&quot;,&quot;motion_fx_mouseTrack_effect&quot;:&quot;yes&quot;,&quot;_position&quot;:&quot;absolute&quot;,&quot;motion_fx_mouseTrack_speed&quot;:{&quot;unit&quot;:&quot;px&quot;,&quot;size&quot;:0.8,&quot;sizes&quot;:[]},&quot;motion_fx_tilt_effect&quot;:&quot;yes&quot;,&quot;motion_fx_tilt_speed&quot;:{&quot;unit&quot;:&quot;px&quot;,&quot;size&quot;:&quot;&quot;,&quot;sizes&quot;:[]}}\" data-widget_type=\"spacer.default\">\n\t\t\t\t<div class=\"elementor-widget-container\">\n\t\t\t\t\t<div class=\"elementor-spacer\">\n\t\t\t<div class=\"elementor-spacer-inner\"><\/div>\n\t\t<\/div>\n\t\t\t\t<\/div>\n\t\t\t\t<\/div>\n\t\t\t\t<div class=\"elementor-element elementor-element-72cf3456 elementor-widget__width-auto elementor-absolute elementor-hidden-tablet elementor-hidden-phone elementor-widget elementor-widget-spacer\" data-id=\"72cf3456\" data-element_type=\"widget\" data-settings=\"{&quot;motion_fx_motion_fx_mouse&quot;:&quot;yes&quot;,&quot;motion_fx_mouseTrack_effect&quot;:&quot;yes&quot;,&quot;_position&quot;:&quot;absolute&quot;,&quot;motion_fx_mouseTrack_direction&quot;:&quot;negative&quot;,&quot;motion_fx_mouseTrack_speed&quot;:{&quot;unit&quot;:&quot;px&quot;,&quot;size&quot;:0.7,&quot;sizes&quot;:[]},&quot;motion_fx_tilt_effect&quot;:&quot;yes&quot;,&quot;motion_fx_tilt_speed&quot;:{&quot;unit&quot;:&quot;px&quot;,&quot;size&quot;:&quot;&quot;,&quot;sizes&quot;:[]}}\" data-widget_type=\"spacer.default\">\n\t\t\t\t<div class=\"elementor-widget-container\">\n\t\t\t\t\t<div class=\"elementor-spacer\">\n\t\t\t<div class=\"elementor-spacer-inner\"><\/div>\n\t\t<\/div>\n\t\t\t\t<\/div>\n\t\t\t\t<\/div>\n\t\t\t\t\t<\/div>\n\t\t<\/div>\n\t\t\t\t\t\t\t<\/div>\n\t\t<\/section>\n\t\t\t\t<section class=\"elementor-section elementor-top-section elementor-element elementor-element-8d8d92c elementor-section-boxed elementor-section-height-default elementor-section-height-default\" data-id=\"8d8d92c\" data-element_type=\"section\">\n\t\t\t\t\t\t<div class=\"elementor-container elementor-column-gap-default\">\n\t\t\t\t\t<div class=\"elementor-column elementor-col-100 elementor-top-column elementor-element elementor-element-7e420e4\" data-id=\"7e420e4\" data-element_type=\"column\">\n\t\t\t<div class=\"elementor-widget-wrap elementor-element-populated\">\n\t\t\t\t\t\t\t\t<div class=\"elementor-element elementor-element-25473fa elementor-widget elementor-widget-heading\" data-id=\"25473fa\" data-element_type=\"widget\" data-widget_type=\"heading.default\">\n\t\t\t\t<div class=\"elementor-widget-container\">\n\t\t\t<h5 class=\"elementor-heading-title elementor-size-default\">I. CH\u00cdNH S\u00c1CH TUY\u1ec2N SINH<\/h5>\t\t<\/div>\n\t\t\t\t<\/div>\n\t\t\t\t<div class=\"elementor-element elementor-element-ed25af0 elementor-icon-list--layout-traditional elementor-list-item-link-full_width elementor-widget elementor-widget-icon-list\" data-id=\"ed25af0\" data-element_type=\"widget\" data-widget_type=\"icon-list.default\">\n\t\t\t\t<div class=\"elementor-widget-container\">\n\t\t\t\t\t<ul class=\"elementor-icon-list-items\">\n\t\t\t\t\t\t\t<li class=\"elementor-icon-list-item\">\n\t\t\t\t\t\t\t\t\t\t\t<span class=\"elementor-icon-list-icon\">\n\t\t\t\t\t\t\t<i aria-hidden=\"true\" class=\"fas fa-circle\"><\/i>\t\t\t\t\t\t<\/span>\n\t\t\t\t\t\t\t\t\t\t<span class=\"elementor-icon-list-text\">Th\u1ee9 t\u1ef1 \u01b0u ti\u00ean tuy\u1ec3n sinh<\/span>\n\t\t\t\t\t\t\t\t\t<\/li>\n\t\t\t\t\t\t<\/ul>\n\t\t\t\t<\/div>\n\t\t\t\t<\/div>\n\t\t\t\t<div class=\"elementor-element elementor-element-6f462a7 elementor-widget elementor-widget-text-editor\" data-id=\"6f462a7\" data-element_type=\"widget\" data-widget_type=\"text-editor.default\">\n\t\t\t\t<div class=\"elementor-widget-container\">\n\t\t\t\t\t\t\t<ul><li>(1) H\u1ecdc sinh l\u00e0 con c\u1ee7a c\u00e1n b\u1ed9, gi\u00e1o vi\u00ean, nh\u00e2n vi\u00ean \u0111ang l\u00e0m vi\u1ec7c t\u1ea1i tr\u01b0\u1eddng Viet Stars v\u00e0 c\u00f4ng ty TNHH L&amp;C \u0111\u01b0\u1ee3c \u01b0u ti\u00ean \u0111\u0103ng k\u00fd v\u00e0 x\u1ebfp ch\u1ed7 h\u1ecdc t\u1ea1i c\u00e1c c\u01a1 s\u1edf tr\u01b0\u1eddng Viet Stars c\u00f2n ch\u1ed7 t\u1ea1i th\u1eddi \u0111i\u1ec3m tuy\u1ec3n sinh.<\/li><li><p>(2) H\u1ecdc sinh c\u00f3 \u0111\u0103ng k\u00fd th\u01b0\u1eddng tr\u00fa\/ t\u1ea1m tr\u00fa t\u1ea1i Th\u00e0nh ph\u1ed1 Vi\u1ec7t Tr\u00ec, Ph\u00fa Th\u1ecd.<\/p><\/li><li><p>(3) H\u1ecdc sinh thu\u1ed9c c\u00e1c \u0111\u1ed1i t\u01b0\u1ee3ng kh\u00e1c s\u1ebd \u0111\u01b0\u1ee3c ti\u1ebfp nh\u1eadn \u0111\u0103ng k\u00fd tuy\u1ec3n sinh n\u1ebfu c\u00f2n ch\u1ec9 ti\u00eau.<\/p><\/li><\/ul>\t\t\t\t\t\t<\/div>\n\t\t\t\t<\/div>\n\t\t\t\t<div class=\"elementor-element elementor-element-9319e33 elementor-icon-list--layout-traditional elementor-list-item-link-full_width elementor-widget elementor-widget-icon-list\" data-id=\"9319e33\" data-element_type=\"widget\" data-widget_type=\"icon-list.default\">\n\t\t\t\t<div class=\"elementor-widget-container\">\n\t\t\t\t\t<ul class=\"elementor-icon-list-items\">\n\t\t\t\t\t\t\t<li class=\"elementor-icon-list-item\">\n\t\t\t\t\t\t\t\t\t\t\t<span class=\"elementor-icon-list-icon\">\n\t\t\t\t\t\t\t<i aria-hidden=\"true\" class=\"fas fa-circle\"><\/i>\t\t\t\t\t\t<\/span>\n\t\t\t\t\t\t\t\t\t\t<span class=\"elementor-icon-list-text\">Quy \u0111\u1ecbnh \u0111\u1ed1i v\u1edbi h\u1ecdc sinh \u0111ang h\u1ecdc t\u1ea1i tr\u01b0\u1eddng Viet Stars<\/span>\n\t\t\t\t\t\t\t\t\t<\/li>\n\t\t\t\t\t\t<\/ul>\n\t\t\t\t<\/div>\n\t\t\t\t<\/div>\n\t\t\t\t<div class=\"elementor-element elementor-element-63d2052 elementor-widget elementor-widget-text-editor\" data-id=\"63d2052\" data-element_type=\"widget\" data-widget_type=\"text-editor.default\">\n\t\t\t\t<div class=\"elementor-widget-container\">\n\t\t\t\t\t\t\t<ul><li><p>H\u1ecdc sinh \u0111ang h\u1ecdc n\u0103m h\u1ecdc 2021-2022 theo h\u1ec7 STEAM h\u1ed9i nh\u1eadp \u0111\u01b0\u1ee3c x\u00e9t l\u00ean l\u1edbp k\u1ebf ti\u1ebfp c\u1ee7a c\u1ea5p h\u1ecdc \u0111\u00f3 ho\u1eb7c chuy\u1ec3n \u0111\u1ed5i sang h\u1ec7 STEAM To\u00e0n c\u1ea7u trong n\u0103m h\u1ecdc 2022-2023 v\u1edbi \u0111i\u1ec1u ki\u1ec7n h\u1ecdc sinh ho\u00e0n th\u00e0nh ch\u01b0\u01a1ng tr\u00ecnh h\u1ecdc \u1edf l\u1edbp hi\u1ec7n t\u1ea1i v\u00e0 Ph\u1ee5 huynh ho\u00e0n th\u00e0nh c\u00e1c th\u1ee7 t\u1ee5c \u0111\u00f3ng ph\u00ed cho h\u1ecdc sinh theo Quy \u0111\u1ecbnh t\u00e0i ch\u00ednh c\u1ee7a n\u0103m h\u1ecdc 2021-2022; \u0110\u1ed3ng th\u1eddi c\u00e1c b\u00e9 s\u1ebd \u0111\u01b0\u1ee3c tham gia test \u0111\u1ea7u v\u00e0o l\u1edbp STEAM To\u00e0n c\u1ea7u c\u00f9ng gi\u00e1o vi\u00ean ti\u1ebfng anh ho\u1eb7c \u0111\u0103ng k\u00fd tham gia kh\u00f3a b\u1ed5 tr\u1ee3 \u0111\u1ec3 \u0111\u1ea3m b\u1ea3o tr\u00ecnh \u0111\u1ed9 ti\u1ebfng anh theo ti\u00eau chu\u1ea9n l\u1edbp STEAM To\u00e0n c\u1ea7u.<\/p><\/li><li>H\u1ecdc sinh c\u00f3 nguy\u1ec7n v\u1ecdng chuy\u1ec3n c\u01a1 s\u1edf h\u1ecdc kh\u00e1c s\u1ebd \u0111\u01b0\u1ee3c Nh\u00e0 tr\u01b0\u1eddng ti\u1ebfp nh\u1eadn theo nguy\u00ean t\u1eafc ho\u00e0n th\u00e0nh c\u00e1c th\u1ee7 t\u1ee5c gi\u1ea5y t\u1edd, t\u00e0i ch\u00ednh theo quy \u0111\u1ecbnh.<\/li><\/ul>\t\t\t\t\t\t<\/div>\n\t\t\t\t<\/div>\n\t\t\t\t<div class=\"elementor-element elementor-element-57a153f elementor-icon-list--layout-traditional elementor-list-item-link-full_width elementor-widget elementor-widget-icon-list\" data-id=\"57a153f\" data-element_type=\"widget\" data-widget_type=\"icon-list.default\">\n\t\t\t\t<div class=\"elementor-widget-container\">\n\t\t\t\t\t<ul class=\"elementor-icon-list-items\">\n\t\t\t\t\t\t\t<li class=\"elementor-icon-list-item\">\n\t\t\t\t\t\t\t\t\t\t\t<span class=\"elementor-icon-list-icon\">\n\t\t\t\t\t\t\t<i aria-hidden=\"true\" class=\"fas fa-circle\"><\/i>\t\t\t\t\t\t<\/span>\n\t\t\t\t\t\t\t\t\t\t<span class=\"elementor-icon-list-text\">Ph\u00ed \u0111\u0103ng k\u00fd, d\u1ef1 tuy\u1ec3n \u0111\u1ea7u v\u00e0o, chuy\u1ec3n h\u1ec7:<\/span>\n\t\t\t\t\t\t\t\t\t<\/li>\n\t\t\t\t\t\t<\/ul>\n\t\t\t\t<\/div>\n\t\t\t\t<\/div>\n\t\t\t\t<div class=\"elementor-element elementor-element-4c7417c elementor-widget elementor-widget-text-editor\" data-id=\"4c7417c\" data-element_type=\"widget\" data-widget_type=\"text-editor.default\">\n\t\t\t\t<div class=\"elementor-widget-container\">\n\t\t\t\t\t\t\t<ul><li>H\u1ecdc sinh m\u1edbi \u0111\u0103ng k\u00fd ghi danh ho\u1eb7c d\u1ef1 tuy\u1ec3n l\u1ea1i:<ul><li>\u0110\u1ed1i v\u1edbi c\u1ea5p M\u1ea7m non: 1.000.000 VN\u0110\/ l\u1ea7n d\u1ef1 tuy\u1ec3n<\/li><li>H\u1ecdc sinh chuy\u1ec3n t\u1eeb h\u1ec7 STEAM H\u1ed9i Nh\u1eadp sang H\u1ec7 STEAM To\u00e0n C\u1ea7u: kh\u00f4ng thu ph\u00ed (\u00e1p d\u1ee5ng cho h\u1ecdc sinh \u0111ang theo h\u1ecdc t\u1ea1i tr\u01b0\u1eddng)<\/li><\/ul><\/li><li>Ph\u00ed \u0111\u0103ng k\u00fd, ph\u00ed d\u1ef1 tuy\u1ec3n \u0111\u1ea7u v\u00e0o, kh\u00f4ng \u0111\u01b0\u1ee3c ho\u00e0n l\u1ea1i v\u00e0 kh\u00f4ng \u0111\u01b0\u1ee3c chuy\u1ec3n nh\u01b0\u1ee3ng trong m\u1ecdi tr\u01b0\u1eddng h\u1ee3p.<\/li><li>H\u1ecdc sinh t\u1ea1m ngh\u1ec9 \u0111\u01b0\u1ee3c b\u1ea3o l\u01b0u trong tr\u01b0\u1eddng h\u1ee3p ho\u00e0n th\u00e0nh \u0110\u01a1n xin t\u1ea1m ngh\u1ec9 h\u1ecdc (theo m\u1eabu c\u1ee7a nh\u00e0 tr\u01b0\u1eddng) ho\u1eb7c g\u1eedi email v\u1ec1 v\u0103n v\u0103n ph\u00f2ng nh\u00e0 tr\u01b0\u1eddng t\u1ed1i thi\u1ec3u 05 ng\u00e0y tr\u01b0\u1edbc khi ngh\u1ec9 h\u1ecdc v\u00e0 ho\u00e0n th\u00e0nh vi\u1ec7c \u0111\u00f3ng ph\u00ed, gi\u1eef ch\u1ed7 \u0111\u1ed1i v\u1edbi tr\u01b0\u1eddng h\u1ee3p h\u1ecdc sinh ngh\u1ec9 t\u1eeb 1 th\u00e1ng tr\u1edf l\u00ean \u0111\u1ebfn 3 th\u00e1ng.<\/li><\/ul>\t\t\t\t\t\t<\/div>\n\t\t\t\t<\/div>\n\t\t\t\t<div class=\"elementor-element elementor-element-316c577 elementor-widget elementor-widget-heading\" data-id=\"316c577\" data-element_type=\"widget\" data-widget_type=\"heading.default\">\n\t\t\t\t<div class=\"elementor-widget-container\">\n\t\t\t<h5 class=\"elementor-heading-title elementor-size-default\">II. \u0110\u1ed8 TU\u1ed4I TUY\u1ec2N SINH<\/h5>\t\t<\/div>\n\t\t\t\t<\/div>\n\t\t\t\t<div class=\"elementor-element elementor-element-6640c59 elementor-icon-list--layout-traditional elementor-list-item-link-full_width elementor-widget elementor-widget-icon-list\" data-id=\"6640c59\" data-element_type=\"widget\" data-widget_type=\"icon-list.default\">\n\t\t\t\t<div class=\"elementor-widget-container\">\n\t\t\t\t\t<ul class=\"elementor-icon-list-items\">\n\t\t\t\t\t\t\t<li class=\"elementor-icon-list-item\">\n\t\t\t\t\t\t\t\t\t\t\t<span class=\"elementor-icon-list-icon\">\n\t\t\t\t\t\t\t<i aria-hidden=\"true\" class=\"fas fa-circle\"><\/i>\t\t\t\t\t\t<\/span>\n\t\t\t\t\t\t\t\t\t\t<span class=\"elementor-icon-list-text\">N\u0103m h\u1ecdc 2021 - 2022, Tr\u01b0\u1eddng m\u1ea7m non Viet Stars t\u1ed5 ch\u1ee9c tuy\u1ec3n sinh h\u1ecdc sinh c\u00f3 \u0111\u1ed9 tu\u1ed5i t\u01b0\u01a1ng \u1ee9ng v\u1edbi t\u1eebng h\u1ec7 h\u1ecdc nh\u01b0 sau<\/span>\n\t\t\t\t\t\t\t\t\t<\/li>\n\t\t\t\t\t\t<\/ul>\n\t\t\t\t<\/div>\n\t\t\t\t<\/div>\n\t\t\t\t<div class=\"elementor-element elementor-element-33785cc elementor-widget elementor-widget-text-editor\" data-id=\"33785cc\" data-element_type=\"widget\" data-widget_type=\"text-editor.default\">\n\t\t\t\t<div class=\"elementor-widget-container\">\n\t\t\t\t\t\t\t<ul><li>M\u1ea7m non: t\u1eeb 16 \u0111\u1ebfn 72 th\u00e1ng<\/li><li>Tr\u01b0\u1eddng h\u1ee3p h\u1ecdc sinh kh\u00e1c \u0111\u1ed9 tu\u1ed5i t\u01b0\u01a1ng \u1ee9ng v\u1edbi t\u1eebng c\u1ea5p, l\u1edbp s\u1ebd \u0111\u01b0\u1ee3c Nh\u00e0 tr\u01b0\u1eddng xem x\u00e9t v\u00e0 ti\u1ebfp nh\u1eadn theo \u0111\u00fang quy \u0111\u1ecbnh trong \u0110i\u1ec1u l\u1ec7 tr\u01b0\u1eddng M\u1ea7m non;<\/li><li>H\u1ec7 STEAM To\u00e0n c\u1ea7u: tuy\u1ec3n sinh c\u00e1c b\u00e9 t\u1eeb 32 \u0111\u1ebfn 72 th\u00e1ng v\u1edbi s\u0129 s\u1ed1 t\u1ed1i thi\u1ec3u 10 b\u00e9\/ 1 l\u1edbp.<\/li><li>H\u1ec7 STEAM H\u1ed9i nh\u1eadp: Tuy\u1ec3n sinh c\u00e1c b\u00e9 t\u1eeb 16 \u0111\u1ebfn 72 th\u00e1ng.<\/li><\/ul>\t\t\t\t\t\t<\/div>\n\t\t\t\t<\/div>\n\t\t\t\t<div class=\"elementor-element elementor-element-df12c6c elementor-widget elementor-widget-heading\" data-id=\"df12c6c\" data-element_type=\"widget\" data-widget_type=\"heading.default\">\n\t\t\t\t<div class=\"elementor-widget-container\">\n\t\t\t<h5 class=\"elementor-heading-title elementor-size-default\">III. QUY \u0110\u1ecaNH V\u1ec0 S\u0128 S\u1ed0<\/h5>\t\t<\/div>\n\t\t\t\t<\/div>\n\t\t\t\t<div class=\"elementor-element elementor-element-dacd554 elementor-icon-list--layout-traditional elementor-list-item-link-full_width elementor-widget elementor-widget-icon-list\" data-id=\"dacd554\" data-element_type=\"widget\" data-widget_type=\"icon-list.default\">\n\t\t\t\t<div class=\"elementor-widget-container\">\n\t\t\t\t\t<ul class=\"elementor-icon-list-items\">\n\t\t\t\t\t\t\t<li class=\"elementor-icon-list-item\">\n\t\t\t\t\t\t\t\t\t\t\t<span class=\"elementor-icon-list-icon\">\n\t\t\t\t\t\t\t<i aria-hidden=\"true\" class=\"fas fa-circle\"><\/i>\t\t\t\t\t\t<\/span>\n\t\t\t\t\t\t\t\t\t\t<span class=\"elementor-icon-list-text\">Tr\u01b0\u1eddng m\u1ea7m non Viet Stars \u0111\u01b0a ra c\u00e1c ti\u00eau chu\u1ea9n gi\u1edbi h\u1ea1n v\u1ec1 s\u0129 s\u1ed1 h\u1ecdc sinh nh\u01b0 sau:<\/span>\n\t\t\t\t\t\t\t\t\t<\/li>\n\t\t\t\t\t\t<\/ul>\n\t\t\t\t<\/div>\n\t\t\t\t<\/div>\n\t\t\t\t<div class=\"elementor-element elementor-element-4c07f5e elementor-widget elementor-widget-text-editor\" data-id=\"4c07f5e\" data-element_type=\"widget\" data-widget_type=\"text-editor.default\">\n\t\t\t\t<div class=\"elementor-widget-container\">\n\t\t\t\t\t\t\t<ul><li>M\u1ea7m non: s\u0129 s\u1ed1 t\u1eeb 20 \u2013 30 h\u1ecdc sinh\/ l\u1edbp t\u00f9y v\u00e0o \u0111\u1ed9 tu\u1ed5i v\u00e0 h\u1ec7 h\u1ecdc;<\/li><li>Trong m\u1ed9t s\u1ed1 tr\u01b0\u1eddng h\u1ee3p ngo\u1ea1i l\u1ec7, s\u0129 s\u1ed1 c\u00f3 th\u1ec3 \u0111\u01b0\u1ee3c \u0111i\u1ec1u ch\u1ec9nh c\u1ed9ng ho\u1eb7c tr\u1eeb 02 h\u1ecdc sinh nh\u01b0ng v\u1eabn lu\u00f4n \u0111\u1ea3m b\u1ea3o di\u1ec7n t\u00edch\/ h\u1ecdc sinh \u0111\u1ea1t chu\u1ea9n qu\u1ed1c gia v\u1ec1 thi\u1ebft k\u1ebf tr\u01b0\u1eddng v\u00e0 v\u1eabn \u0111\u1ea3m b\u1ea3o \u0111i\u1ec1u ki\u1ec7n v\u1ec1 gi\u1ea3ng d\u1ea1y v\u00e0 h\u1ecdc t\u1eadp \u0111\u1ea1t ch\u1ea5t l\u01b0\u1ee3ng t\u1ed1t nh\u1ea5t.<\/li><\/ul>\t\t\t\t\t\t<\/div>\n\t\t\t\t<\/div>\n\t\t\t\t<div class=\"elementor-element elementor-element-06e0d1c elementor-widget elementor-widget-heading\" data-id=\"06e0d1c\" data-element_type=\"widget\" data-widget_type=\"heading.default\">\n\t\t\t\t<div class=\"elementor-widget-container\">\n\t\t\t<h5 class=\"elementor-heading-title elementor-size-default\">IV. \u0110I\u1ec0U KI\u1ec6N \u0110\u0102NG K\u00dd TUY\u1ec2N SINH<\/h5>\t\t<\/div>\n\t\t\t\t<\/div>\n\t\t\t\t<div class=\"elementor-element elementor-element-1009752 elementor-icon-list--layout-traditional elementor-list-item-link-full_width elementor-widget elementor-widget-icon-list\" data-id=\"1009752\" data-element_type=\"widget\" data-widget_type=\"icon-list.default\">\n\t\t\t\t<div class=\"elementor-widget-container\">\n\t\t\t\t\t<ul class=\"elementor-icon-list-items\">\n\t\t\t\t\t\t\t<li class=\"elementor-icon-list-item\">\n\t\t\t\t\t\t\t\t\t\t\t<span class=\"elementor-icon-list-icon\">\n\t\t\t\t\t\t\t<i aria-hidden=\"true\" class=\"fas fa-circle\"><\/i>\t\t\t\t\t\t<\/span>\n\t\t\t\t\t\t\t\t\t\t<span class=\"elementor-icon-list-text\">H\u1ecdc sinh m\u1edbi \u0111\u0103ng k\u00fd d\u1ef1 tuy\u1ec3n v\u00e0o tr\u01b0\u1eddng m\u1ea7m non Viet Stars:<\/span>\n\t\t\t\t\t\t\t\t\t<\/li>\n\t\t\t\t\t\t<\/ul>\n\t\t\t\t<\/div>\n\t\t\t\t<\/div>\n\t\t\t\t<div class=\"elementor-element elementor-element-fd6be68 elementor-widget elementor-widget-text-editor\" data-id=\"fd6be68\" data-element_type=\"widget\" data-widget_type=\"text-editor.default\">\n\t\t\t\t<div class=\"elementor-widget-container\">\n\t\t\t\t\t\t\t<ul><li>H\u1ecdc sinh d\u1ef1 tuy\u1ec3n v\u00e0o M\u1ea7m non: h\u1ecdc sinh kh\u00f4ng m\u1eafc b\u1ec7nh truy\u1ec1n nhi\u1ec5m, kh\u00f4ng m\u1eafc b\u1ec7nh b\u1ea9m sinh nguy hi\u1ec3m, h\u1ecdc sinh kh\u00f4ng c\u00f3 nhu c\u1ea7u gi\u00e1o d\u1ee5c \u0111\u1eb7c bi\u1ec7t (do \u0111i\u1ec1u ki\u1ec7n ch\u0103m s\u00f3c v\u00e0 c\u01a1 s\u1edf v\u1eadt ch\u1ea5t hi\u1ec7n t\u1ea1i c\u1ee7a tr\u01b0\u1eddng ch\u01b0a \u0111\u00e1p \u1ee9ng \u0111\u01b0\u1ee3c c\u00e1c nhu c\u1ea7u \u0111\u1eb7c bi\u1ec7t c\u1ee7a h\u1ecdc sinh).<\/li><li>H\u1ecdc sinh l\u00e0 ng\u01b0\u1eddi n\u01b0\u1edbc ngo\u00e0i \u0111ang sinh s\u1ed1ng t\u1ea1i Vi\u1ec7t Nam ho\u1eb7c l\u00e0 ng\u01b0\u1eddi Vi\u1ec7t Nam sinh s\u1ed1ng \u1edf n\u01b0\u1edbc ngo\u00e0i s\u1ebd \u0111\u01b0\u1ee3c xem x\u00e9t t\u1eebng tr\u01b0\u1eddng h\u1ee3p c\u1ee5 th\u1ec3 v\u00e0 tu\u00e2n th\u1ee7 theo \u0111\u00fang quy \u0111\u1ecbnh c\u1ee7a S\u1edf Gi\u00e1o d\u1ee5c &amp; \u0110\u00e0o t\u1ea1o c\u1ee7a t\u1ec9nh, th\u00e0nh ph\u1ed1 .<\/li><\/ul>\t\t\t\t\t\t<\/div>\n\t\t\t\t<\/div>\n\t\t\t\t<div class=\"elementor-element elementor-element-d069e18 elementor-icon-list--layout-traditional elementor-list-item-link-full_width elementor-widget elementor-widget-icon-list\" data-id=\"d069e18\" data-element_type=\"widget\" data-widget_type=\"icon-list.default\">\n\t\t\t\t<div class=\"elementor-widget-container\">\n\t\t\t\t\t<ul class=\"elementor-icon-list-items\">\n\t\t\t\t\t\t\t<li class=\"elementor-icon-list-item\">\n\t\t\t\t\t\t\t\t\t\t\t<span class=\"elementor-icon-list-icon\">\n\t\t\t\t\t\t\t<i aria-hidden=\"true\" class=\"fas fa-circle\"><\/i>\t\t\t\t\t\t<\/span>\n\t\t\t\t\t\t\t\t\t\t<span class=\"elementor-icon-list-text\">H\u1ecdc sinh \u0111\u00e3 th\u00f4i h\u1ecdc, \u0111\u0103ng k\u00fd l\u1ea1i t\u1ea1i Tr\u01b0\u1eddng m\u1ea7m non Viet Stars:<\/span>\n\t\t\t\t\t\t\t\t\t<\/li>\n\t\t\t\t\t\t<\/ul>\n\t\t\t\t<\/div>\n\t\t\t\t<\/div>\n\t\t\t\t<div class=\"elementor-element elementor-element-2e64818 elementor-widget elementor-widget-text-editor\" data-id=\"2e64818\" data-element_type=\"widget\" data-widget_type=\"text-editor.default\">\n\t\t\t\t<div class=\"elementor-widget-container\">\n\t\t\t\t\t\t\t<ul><li>Nh\u00e0 tr\u01b0\u1eddng s\u1ebd xem x\u00e9t h\u1ed3 s\u01a1 c\u1ee7a t\u1eebng tr\u01b0\u1eddng h\u1ee3p c\u1ee5 th\u1ec3.<\/li><\/ul>\t\t\t\t\t\t<\/div>\n\t\t\t\t<\/div>\n\t\t\t\t\t<\/div>\n\t\t<\/div>\n\t\t\t\t\t\t\t<\/div>\n\t\t<\/section>\n\t\t\t\t<section class=\"elementor-section elementor-top-section elementor-element elementor-element-67e1e66 elementor-section-full_width elementor-section-height-default elementor-section-height-default\" data-id=\"67e1e66\" data-element_type=\"section\">\n\t\t\t\t\t\t<div class=\"elementor-container elementor-column-gap-default\">\n\t\t\t\t\t<div class=\"elementor-column elementor-col-100 elementor-top-column elementor-element elementor-element-a4981dd\" data-id=\"a4981dd\" data-element_type=\"column\">\n\t\t\t<div class=\"elementor-widget-wrap elementor-element-populated\">\n\t\t\t\t\t\t\t\t<div class=\"elementor-element elementor-element-97b4a0a elementor-widget elementor-widget-image\" data-id=\"97b4a0a\" data-element_type=\"widget\" data-widget_type=\"image.default\">\n\t\t\t\t<div class=\"elementor-widget-container\">\n\t\t\t\t\t\t\t\t\t\t\t\t\t\t\t<img decoding=\"async\" width=\"2048\" height=\"1365\" src=\"https:\/\/mnngoisaoviet.com\/wp-content\/uploads\/2021\/08\/8.jpg\" class=\"attachment-full size-full\" alt=\"\" loading=\"lazy\" \/>\t\t\t\t\t\t\t\t\t\t\t\t\t\t\t<\/div>\n\t\t\t\t<\/div>\n\t\t\t\t\t<\/div>\n\t\t<\/div>\n\t\t\t\t\t\t\t<\/div>\n\t\t<\/section>\n\t\t\t\t\t\t<\/div>\n\t\t\t\t\t<\/div>\n\t\t","protected":false},"excerpt":{"rendered":"<p>QUY CH\u1ebe TUY\u1ec2N SINH VIET STARS I. CH\u00cdNH S\u00c1CH TUY\u1ec2N SINH Th\u1ee9 t\u1ef1 \u01b0u ti\u00ean tuy\u1ec3n sinh (1) H\u1ecdc sinh l\u00e0 con c\u1ee7a c\u00e1n b\u1ed9, gi\u00e1o vi\u00ean, nh\u00e2n vi\u00ean \u0111ang l\u00e0m vi\u1ec7c t\u1ea1i tr\u01b0\u1eddng Viet Stars v\u00e0 c\u00f4ng ty TNHH L&amp;C \u0111\u01b0\u1ee3c \u01b0u ti\u00ean \u0111\u0103ng k\u00fd v\u00e0 x\u1ebfp ch\u1ed7 h\u1ecdc t\u1ea1i c\u00e1c c\u01a1 s\u1edf tr\u01b0\u1eddng [&hellip;]<\/p>\n","protected":false},"author":1,"featured_media":0,"parent":0,"menu_order":0,"comment_status":"closed","ping_status":"closed","template":"","meta":{"om_disable_all_campaigns":false,"_monsterinsights_skip_tracking":false,"_monsterinsights_sitenote_active":false,"_monsterinsights_sitenote_note":"","_monsterinsights_sitenote_category":0},"_links":{"self":[{"href":"https:\/\/mnngoisaoviet.com\/index.php?rest_route=\/wp\/v2\/pages\/278"}],"collection":[{"href":"https:\/\/mnngoisaoviet.com\/index.php?rest_route=\/wp\/v2\/pages"}],"about":[{"href":"https:\/\/mnngoisaoviet.com\/index.php?rest_route=\/wp\/v2\/types\/page"}],"author":[{"embeddable":true,"href":"https:\/\/mnngoisaoviet.com\/index.php?rest_route=\/wp\/v2\/users\/1"}],"replies":[{"embeddable":true,"href":"https:\/\/mnngoisaoviet.com\/index.php?rest_route=%2Fwp%2Fv2%2Fcomments&post=278"}],"version-history":[{"count":16,"href":"https:\/\/mnngoisaoviet.com\/index.php?rest_route=\/wp\/v2\/pages\/278\/revisions"}],"predecessor-version":[{"id":1148,"href":"https:\/\/mnngoisaoviet.com\/index.php?rest_route=\/wp\/v2\/pages\/278\/revisions\/1148"}],"wp:attachment":[{"href":"https:\/\/mnngoisaoviet.com\/index.php?rest_route=%2Fwp%2Fv2%2Fmedia&parent=278"}],"curies":[{"name":"wp","href":"https:\/\/api.w.org\/{rel}","templated":true}]}}