{"id":272,"date":"2021-08-24T02:05:59","date_gmt":"2021-08-24T02:05:59","guid":{"rendered":"https:\/\/mnngoisaoviet.com\/?page_id=272"},"modified":"2021-12-29T09:48:59","modified_gmt":"2021-12-29T02:48:59","slug":"dich-vu-dua-don","status":"publish","type":"page","link":"https:\/\/mnngoisaoviet.com\/?page_id=272","title":{"rendered":"D\u1ecbch V\u1ee5 \u0110\u01b0a \u0110\u00f3n"},"content":{"rendered":"\t\t<div data-elementor-type=\"wp-page\" data-elementor-id=\"272\" class=\"elementor elementor-272\" data-elementor-settings=\"[]\">\n\t\t\t\t\t\t\t<div class=\"elementor-section-wrap\">\n\t\t\t\t\t\t\t<section class=\"elementor-section elementor-top-section elementor-element elementor-element-29bbb32d elementor-section-boxed elementor-section-height-default elementor-section-height-default\" data-id=\"29bbb32d\" data-element_type=\"section\" data-settings=\"{&quot;background_background&quot;:&quot;classic&quot;}\">\n\t\t\t\t\t\t<div class=\"elementor-container elementor-column-gap-wider\">\n\t\t\t\t\t<div class=\"elementor-column elementor-col-100 elementor-top-column elementor-element elementor-element-1d0db321\" data-id=\"1d0db321\" data-element_type=\"column\">\n\t\t\t<div class=\"elementor-widget-wrap elementor-element-populated\">\n\t\t\t\t\t\t\t\t<div class=\"elementor-element elementor-element-128764c8 elementor-widget elementor-widget-heading\" data-id=\"128764c8\" data-element_type=\"widget\" data-widget_type=\"heading.default\">\n\t\t\t\t<div class=\"elementor-widget-container\">\n\t\t\t<h1 class=\"elementor-heading-title elementor-size-default\">D\u1ecaCH V\u1ee4 \u0110\u01afA \u0110\u00d3N<\/h1>\t\t<\/div>\n\t\t\t\t<\/div>\n\t\t\t\t<div class=\"elementor-element elementor-element-59c44a2c elementor-absolute elementor-hidden-phone elementor-widget elementor-widget-heading\" data-id=\"59c44a2c\" data-element_type=\"widget\" data-settings=\"{&quot;_position&quot;:&quot;absolute&quot;}\" data-widget_type=\"heading.default\">\n\t\t\t\t<div class=\"elementor-widget-container\">\n\t\t\t<div class=\"elementor-heading-title elementor-size-default\">VIET STARS<\/div>\t\t<\/div>\n\t\t\t\t<\/div>\n\t\t\t\t<div class=\"elementor-element elementor-element-35645d7b elementor-widget__width-auto elementor-absolute elementor-hidden-phone elementor-widget elementor-widget-spacer\" data-id=\"35645d7b\" data-element_type=\"widget\" data-settings=\"{&quot;motion_fx_motion_fx_mouse&quot;:&quot;yes&quot;,&quot;motion_fx_mouseTrack_effect&quot;:&quot;yes&quot;,&quot;_position&quot;:&quot;absolute&quot;,&quot;motion_fx_mouseTrack_speed&quot;:{&quot;unit&quot;:&quot;px&quot;,&quot;size&quot;:0.5,&quot;sizes&quot;:[]},&quot;motion_fx_tilt_effect&quot;:&quot;yes&quot;,&quot;motion_fx_tilt_speed&quot;:{&quot;unit&quot;:&quot;px&quot;,&quot;size&quot;:&quot;&quot;,&quot;sizes&quot;:[]}}\" data-widget_type=\"spacer.default\">\n\t\t\t\t<div class=\"elementor-widget-container\">\n\t\t\t\t\t<div class=\"elementor-spacer\">\n\t\t\t<div class=\"elementor-spacer-inner\"><\/div>\n\t\t<\/div>\n\t\t\t\t<\/div>\n\t\t\t\t<\/div>\n\t\t\t\t<div class=\"elementor-element elementor-element-26120817 elementor-widget__width-auto elementor-absolute elementor-hidden-phone elementor-widget elementor-widget-spacer\" data-id=\"26120817\" data-element_type=\"widget\" data-settings=\"{&quot;motion_fx_motion_fx_mouse&quot;:&quot;yes&quot;,&quot;motion_fx_mouseTrack_effect&quot;:&quot;yes&quot;,&quot;_position&quot;:&quot;absolute&quot;,&quot;motion_fx_mouseTrack_speed&quot;:{&quot;unit&quot;:&quot;px&quot;,&quot;size&quot;:0.8,&quot;sizes&quot;:[]},&quot;motion_fx_tilt_effect&quot;:&quot;yes&quot;,&quot;motion_fx_tilt_speed&quot;:{&quot;unit&quot;:&quot;px&quot;,&quot;size&quot;:&quot;&quot;,&quot;sizes&quot;:[]}}\" data-widget_type=\"spacer.default\">\n\t\t\t\t<div class=\"elementor-widget-container\">\n\t\t\t\t\t<div class=\"elementor-spacer\">\n\t\t\t<div class=\"elementor-spacer-inner\"><\/div>\n\t\t<\/div>\n\t\t\t\t<\/div>\n\t\t\t\t<\/div>\n\t\t\t\t<div class=\"elementor-element elementor-element-567ac0c4 elementor-widget__width-auto elementor-absolute elementor-hidden-tablet elementor-hidden-phone elementor-widget elementor-widget-spacer\" data-id=\"567ac0c4\" data-element_type=\"widget\" data-settings=\"{&quot;motion_fx_motion_fx_mouse&quot;:&quot;yes&quot;,&quot;motion_fx_mouseTrack_effect&quot;:&quot;yes&quot;,&quot;_position&quot;:&quot;absolute&quot;,&quot;motion_fx_mouseTrack_direction&quot;:&quot;negative&quot;,&quot;motion_fx_mouseTrack_speed&quot;:{&quot;unit&quot;:&quot;px&quot;,&quot;size&quot;:0.7,&quot;sizes&quot;:[]},&quot;motion_fx_tilt_effect&quot;:&quot;yes&quot;,&quot;motion_fx_tilt_speed&quot;:{&quot;unit&quot;:&quot;px&quot;,&quot;size&quot;:&quot;&quot;,&quot;sizes&quot;:[]}}\" data-widget_type=\"spacer.default\">\n\t\t\t\t<div class=\"elementor-widget-container\">\n\t\t\t\t\t<div class=\"elementor-spacer\">\n\t\t\t<div class=\"elementor-spacer-inner\"><\/div>\n\t\t<\/div>\n\t\t\t\t<\/div>\n\t\t\t\t<\/div>\n\t\t\t\t\t<\/div>\n\t\t<\/div>\n\t\t\t\t\t\t\t<\/div>\n\t\t<\/section>\n\t\t\t\t<section class=\"elementor-section elementor-top-section elementor-element elementor-element-26ebce0 elementor-section-boxed elementor-section-height-default elementor-section-height-default\" data-id=\"26ebce0\" data-element_type=\"section\">\n\t\t\t\t\t\t<div class=\"elementor-container elementor-column-gap-default\">\n\t\t\t\t\t<div class=\"elementor-column elementor-col-66 elementor-top-column elementor-element elementor-element-fd2aa8f\" data-id=\"fd2aa8f\" data-element_type=\"column\">\n\t\t\t<div class=\"elementor-widget-wrap elementor-element-populated\">\n\t\t\t\t\t\t\t\t<div class=\"elementor-element elementor-element-5405391 elementor-widget elementor-widget-heading\" data-id=\"5405391\" data-element_type=\"widget\" data-widget_type=\"heading.default\">\n\t\t\t\t<div class=\"elementor-widget-container\">\n\t\t\t<h1 class=\"elementor-heading-title elementor-size-default\">GI\u1edaI THI\u1ec6U V\u1ec0 D\u1ecaCH V\u1ee4 \u0110\u01afA \u0110\u00d3N<\/h1>\t\t<\/div>\n\t\t\t\t<\/div>\n\t\t\t\t<div class=\"elementor-element elementor-element-6261687 elementor-widget elementor-widget-text-editor\" data-id=\"6261687\" data-element_type=\"widget\" data-widget_type=\"text-editor.default\">\n\t\t\t\t<div class=\"elementor-widget-container\">\n\t\t\t\t\t\t\t<p>D\u1ecbch v\u1ee5 xe bu\u00fdt l\u00e0 d\u1ecbch v\u1ee5 l\u1ef1a ch\u1ecdn th\u00eam v\u00e0 \u0111\u01b0\u1ee3c s\u1eafp x\u1ebfp theo kh\u1ea3 n\u0103ng \u0111\u00e1p \u1ee9ng c\u1ee7a Nh\u00e0 Tr\u01b0\u1eddng v\u00e0 nguy\u1ec7n v\u1ecdng c\u1ee7a Ph\u1ee5 huynh. D\u1ecbch v\u1ee5 xe bu\u00fdt ch\u1ec9 \u0111\u01b0\u1ee3c \u0111\u1ea3m b\u1ea3o trong tr\u01b0\u1eddng h\u1ee3p Ph\u1ee5 huynh \u0111\u00e3 ho\u00e0n t\u1ea5t vi\u1ec7c \u0111\u00f3ng ph\u00ed d\u1ecbch v\u1ee5 xe bu\u00fdt cho h\u1ecdc sinh v\u00e0 Nh\u00e0 tr\u01b0\u1eddng s\u1eafp x\u1ebfp \u0111\u01b0\u1ee3c tuy\u1ebfn xe ph\u00f9 h\u1ee3p v\u1edbi \u0111\u0103ng k\u00fd c\u1ee7a h\u1ecdc sinh.<\/p><p>Nh\u00e0 tr\u01b0\u1eddng cung c\u1ea5p d\u1ecbch v\u1ee5 xe bu\u00fdt \u0111\u01b0a \u0111\u00f3n h\u1ecdc sinh v\u1edbi hai h\u00ecnh th\u1ee9c \u201c<strong>T\u1ea1i nh\u00e0<\/strong>\u201d v\u00e0 \u201c<strong>T\u1ea1i \u0111i\u1ec3m<\/strong>\u201d.<\/p><p>\u0110\u1ec3 h\u00ecnh th\u00e0nh \u00fd th\u1ee9c v\u00e0 th\u00f3i quen mang t\u00ednh t\u1eadp th\u1ec3, H\u1ecdc sinh Ti\u1ec3u h\u1ecdc \u2013 Trung h\u1ecdc \u0111\u01b0\u1ee3c khuy\u1ebfn kh\u00edch s\u1eed d\u1ee5ng d\u1ecbch v\u1ee5 xe bu\u00fdt \u0111\u00f3n tr\u1ea3 t\u1ea1i \u0111i\u1ec3m.<\/p>\t\t\t\t\t\t<\/div>\n\t\t\t\t<\/div>\n\t\t\t\t\t<\/div>\n\t\t<\/div>\n\t\t\t\t<div class=\"elementor-column elementor-col-33 elementor-top-column elementor-element elementor-element-d1e09e1\" data-id=\"d1e09e1\" data-element_type=\"column\">\n\t\t\t<div class=\"elementor-widget-wrap elementor-element-populated\">\n\t\t\t\t\t\t\t\t<div class=\"elementor-element elementor-element-3347348 elementor-widget elementor-widget-image\" data-id=\"3347348\" data-element_type=\"widget\" data-widget_type=\"image.default\">\n\t\t\t\t<div class=\"elementor-widget-container\">\n\t\t\t\t\t\t\t\t\t\t\t\t\t\t\t<img decoding=\"async\" width=\"800\" height=\"600\" src=\"https:\/\/mnngoisaoviet.com\/wp-content\/uploads\/2021\/08\/z2715125364026_be40c277bd5b8a22b88009139122ec8b-1024x768.jpg\" class=\"attachment-large size-large\" alt=\"\" loading=\"lazy\" \/>\t\t\t\t\t\t\t\t\t\t\t\t\t\t\t<\/div>\n\t\t\t\t<\/div>\n\t\t\t\t\t<\/div>\n\t\t<\/div>\n\t\t\t\t\t\t\t<\/div>\n\t\t<\/section>\n\t\t\t\t<section class=\"elementor-section elementor-top-section elementor-element elementor-element-eb784c3 elementor-section-boxed elementor-section-height-default elementor-section-height-default\" data-id=\"eb784c3\" data-element_type=\"section\">\n\t\t\t\t\t\t<div class=\"elementor-container elementor-column-gap-default\">\n\t\t\t\t\t<div class=\"elementor-column elementor-col-100 elementor-top-column elementor-element elementor-element-f8ce022\" data-id=\"f8ce022\" data-element_type=\"column\">\n\t\t\t<div class=\"elementor-widget-wrap elementor-element-populated\">\n\t\t\t\t\t\t\t\t<div class=\"elementor-element elementor-element-e61c45e elementor-widget elementor-widget-spacer\" data-id=\"e61c45e\" data-element_type=\"widget\" data-widget_type=\"spacer.default\">\n\t\t\t\t<div class=\"elementor-widget-container\">\n\t\t\t\t\t<div class=\"elementor-spacer\">\n\t\t\t<div class=\"elementor-spacer-inner\"><\/div>\n\t\t<\/div>\n\t\t\t\t<\/div>\n\t\t\t\t<\/div>\n\t\t\t\t\t<\/div>\n\t\t<\/div>\n\t\t\t\t\t\t\t<\/div>\n\t\t<\/section>\n\t\t\t\t\t\t<\/div>\n\t\t\t\t\t<\/div>\n\t\t","protected":false},"excerpt":{"rendered":"<p>D\u1ecaCH V\u1ee4 \u0110\u01afA \u0110\u00d3N VIET STARS GI\u1edaI THI\u1ec6U V\u1ec0 D\u1ecaCH V\u1ee4 \u0110\u01afA \u0110\u00d3N D\u1ecbch v\u1ee5 xe bu\u00fdt l\u00e0 d\u1ecbch v\u1ee5 l\u1ef1a ch\u1ecdn th\u00eam v\u00e0 \u0111\u01b0\u1ee3c s\u1eafp x\u1ebfp theo kh\u1ea3 n\u0103ng \u0111\u00e1p \u1ee9ng c\u1ee7a Nh\u00e0 Tr\u01b0\u1eddng v\u00e0 nguy\u1ec7n v\u1ecdng c\u1ee7a Ph\u1ee5 huynh. D\u1ecbch v\u1ee5 xe bu\u00fdt ch\u1ec9 \u0111\u01b0\u1ee3c \u0111\u1ea3m b\u1ea3o trong tr\u01b0\u1eddng h\u1ee3p Ph\u1ee5 huynh \u0111\u00e3 [&hellip;]<\/p>\n","protected":false},"author":1,"featured_media":0,"parent":0,"menu_order":0,"comment_status":"closed","ping_status":"closed","template":"","meta":{"om_disable_all_campaigns":false,"_monsterinsights_skip_tracking":false,"_monsterinsights_sitenote_active":false,"_monsterinsights_sitenote_note":"","_monsterinsights_sitenote_category":0},"_links":{"self":[{"href":"https:\/\/mnngoisaoviet.com\/index.php?rest_route=\/wp\/v2\/pages\/272"}],"collection":[{"href":"https:\/\/mnngoisaoviet.com\/index.php?rest_route=\/wp\/v2\/pages"}],"about":[{"href":"https:\/\/mnngoisaoviet.com\/index.php?rest_route=\/wp\/v2\/types\/page"}],"author":[{"embeddable":true,"href":"https:\/\/mnngoisaoviet.com\/index.php?rest_route=\/wp\/v2\/users\/1"}],"replies":[{"embeddable":true,"href":"https:\/\/mnngoisaoviet.com\/index.php?rest_route=%2Fwp%2Fv2%2Fcomments&post=272"}],"version-history":[{"count":7,"href":"https:\/\/mnngoisaoviet.com\/index.php?rest_route=\/wp\/v2\/pages\/272\/revisions"}],"predecessor-version":[{"id":1132,"href":"https:\/\/mnngoisaoviet.com\/index.php?rest_route=\/wp\/v2\/pages\/272\/revisions\/1132"}],"wp:attachment":[{"href":"https:\/\/mnngoisaoviet.com\/index.php?rest_route=%2Fwp%2Fv2%2Fmedia&parent=272"}],"curies":[{"name":"wp","href":"https:\/\/api.w.org\/{rel}","templated":true}]}}