{"id":262,"date":"2021-08-24T02:02:55","date_gmt":"2021-08-24T02:02:55","guid":{"rendered":"https:\/\/mnngoisaoviet.com\/?page_id=262"},"modified":"2021-11-23T14:24:11","modified_gmt":"2021-11-23T07:24:11","slug":"thoi-gian-bieu","status":"publish","type":"page","link":"https:\/\/mnngoisaoviet.com\/?page_id=262","title":{"rendered":"D\u1ecbch V\u1ee5 B\u00e1n Tr\u00fa"},"content":{"rendered":"\t\t<div data-elementor-type=\"wp-page\" data-elementor-id=\"262\" class=\"elementor elementor-262\" data-elementor-settings=\"[]\">\n\t\t\t\t\t\t\t<div class=\"elementor-section-wrap\">\n\t\t\t\t\t\t\t<section class=\"elementor-section elementor-top-section elementor-element elementor-element-e0cd967 elementor-section-boxed elementor-section-height-default elementor-section-height-default\" data-id=\"e0cd967\" data-element_type=\"section\" data-settings=\"{&quot;background_background&quot;:&quot;classic&quot;}\">\n\t\t\t\t\t\t<div class=\"elementor-container elementor-column-gap-wider\">\n\t\t\t\t\t<div class=\"elementor-column elementor-col-100 elementor-top-column elementor-element elementor-element-34ef937f\" data-id=\"34ef937f\" data-element_type=\"column\">\n\t\t\t<div class=\"elementor-widget-wrap elementor-element-populated\">\n\t\t\t\t\t\t\t\t<div class=\"elementor-element elementor-element-1e597d96 elementor-widget elementor-widget-heading\" data-id=\"1e597d96\" data-element_type=\"widget\" data-widget_type=\"heading.default\">\n\t\t\t\t<div class=\"elementor-widget-container\">\n\t\t\t<h1 class=\"elementor-heading-title elementor-size-default\">D\u1ecaCH V\u1ee4 B\u00c1N TR\u00da<\/h1>\t\t<\/div>\n\t\t\t\t<\/div>\n\t\t\t\t<div class=\"elementor-element elementor-element-195374f6 elementor-absolute elementor-hidden-phone elementor-widget elementor-widget-heading\" data-id=\"195374f6\" data-element_type=\"widget\" data-settings=\"{&quot;_position&quot;:&quot;absolute&quot;}\" data-widget_type=\"heading.default\">\n\t\t\t\t<div class=\"elementor-widget-container\">\n\t\t\t<div class=\"elementor-heading-title elementor-size-default\">VIET STARS<\/div>\t\t<\/div>\n\t\t\t\t<\/div>\n\t\t\t\t<div class=\"elementor-element elementor-element-7c5dd1b8 elementor-widget__width-auto elementor-absolute elementor-hidden-phone elementor-widget elementor-widget-spacer\" data-id=\"7c5dd1b8\" data-element_type=\"widget\" data-settings=\"{&quot;motion_fx_motion_fx_mouse&quot;:&quot;yes&quot;,&quot;motion_fx_mouseTrack_effect&quot;:&quot;yes&quot;,&quot;_position&quot;:&quot;absolute&quot;,&quot;motion_fx_mouseTrack_speed&quot;:{&quot;unit&quot;:&quot;px&quot;,&quot;size&quot;:0.5,&quot;sizes&quot;:[]},&quot;motion_fx_tilt_effect&quot;:&quot;yes&quot;,&quot;motion_fx_tilt_speed&quot;:{&quot;unit&quot;:&quot;px&quot;,&quot;size&quot;:&quot;&quot;,&quot;sizes&quot;:[]}}\" data-widget_type=\"spacer.default\">\n\t\t\t\t<div class=\"elementor-widget-container\">\n\t\t\t\t\t<div class=\"elementor-spacer\">\n\t\t\t<div class=\"elementor-spacer-inner\"><\/div>\n\t\t<\/div>\n\t\t\t\t<\/div>\n\t\t\t\t<\/div>\n\t\t\t\t<div class=\"elementor-element elementor-element-383b1348 elementor-widget__width-auto elementor-absolute elementor-hidden-phone elementor-widget elementor-widget-spacer\" data-id=\"383b1348\" data-element_type=\"widget\" data-settings=\"{&quot;motion_fx_motion_fx_mouse&quot;:&quot;yes&quot;,&quot;motion_fx_mouseTrack_effect&quot;:&quot;yes&quot;,&quot;_position&quot;:&quot;absolute&quot;,&quot;motion_fx_mouseTrack_speed&quot;:{&quot;unit&quot;:&quot;px&quot;,&quot;size&quot;:0.8,&quot;sizes&quot;:[]},&quot;motion_fx_tilt_effect&quot;:&quot;yes&quot;,&quot;motion_fx_tilt_speed&quot;:{&quot;unit&quot;:&quot;px&quot;,&quot;size&quot;:&quot;&quot;,&quot;sizes&quot;:[]}}\" data-widget_type=\"spacer.default\">\n\t\t\t\t<div class=\"elementor-widget-container\">\n\t\t\t\t\t<div class=\"elementor-spacer\">\n\t\t\t<div class=\"elementor-spacer-inner\"><\/div>\n\t\t<\/div>\n\t\t\t\t<\/div>\n\t\t\t\t<\/div>\n\t\t\t\t<div class=\"elementor-element elementor-element-7a91b931 elementor-widget__width-auto elementor-absolute elementor-hidden-tablet elementor-hidden-phone elementor-widget elementor-widget-spacer\" data-id=\"7a91b931\" data-element_type=\"widget\" data-settings=\"{&quot;motion_fx_motion_fx_mouse&quot;:&quot;yes&quot;,&quot;motion_fx_mouseTrack_effect&quot;:&quot;yes&quot;,&quot;_position&quot;:&quot;absolute&quot;,&quot;motion_fx_mouseTrack_direction&quot;:&quot;negative&quot;,&quot;motion_fx_mouseTrack_speed&quot;:{&quot;unit&quot;:&quot;px&quot;,&quot;size&quot;:0.7,&quot;sizes&quot;:[]},&quot;motion_fx_tilt_effect&quot;:&quot;yes&quot;,&quot;motion_fx_tilt_speed&quot;:{&quot;unit&quot;:&quot;px&quot;,&quot;size&quot;:&quot;&quot;,&quot;sizes&quot;:[]}}\" data-widget_type=\"spacer.default\">\n\t\t\t\t<div class=\"elementor-widget-container\">\n\t\t\t\t\t<div class=\"elementor-spacer\">\n\t\t\t<div class=\"elementor-spacer-inner\"><\/div>\n\t\t<\/div>\n\t\t\t\t<\/div>\n\t\t\t\t<\/div>\n\t\t\t\t\t<\/div>\n\t\t<\/div>\n\t\t\t\t\t\t\t<\/div>\n\t\t<\/section>\n\t\t\t\t<section class=\"elementor-section elementor-top-section elementor-element elementor-element-b842d1e elementor-section-boxed elementor-section-height-default elementor-section-height-default\" data-id=\"b842d1e\" data-element_type=\"section\">\n\t\t\t\t\t\t<div class=\"elementor-container elementor-column-gap-default\">\n\t\t\t\t\t<div class=\"elementor-column elementor-col-100 elementor-top-column elementor-element elementor-element-7effcfe\" data-id=\"7effcfe\" data-element_type=\"column\">\n\t\t\t<div class=\"elementor-widget-wrap elementor-element-populated\">\n\t\t\t\t\t\t\t\t<div class=\"elementor-element elementor-element-c281290 elementor-widget elementor-widget-heading\" data-id=\"c281290\" data-element_type=\"widget\" data-widget_type=\"heading.default\">\n\t\t\t\t<div class=\"elementor-widget-container\">\n\t\t\t<h1 class=\"elementor-heading-title elementor-size-default\">GI\u1edaI THI\u1ec6U V\u1ec0 D\u1ecaCH V\u1ee4 B\u00c1N TR\u00da<\/h1>\t\t<\/div>\n\t\t\t\t<\/div>\n\t\t\t\t<div class=\"elementor-element elementor-element-64ef43e elementor-widget elementor-widget-text-editor\" data-id=\"64ef43e\" data-element_type=\"widget\" data-widget_type=\"text-editor.default\">\n\t\t\t\t<div class=\"elementor-widget-container\">\n\t\t\t\t\t\t\t<p>\u0110\u1ec3 \u0111\u1ea3m b\u1ea3o c\u00f4ng t\u00e1c v\u1eadn h\u00e0nh theo m\u00f4 h\u00ecnh tr\u01b0\u1eddng h\u1ecdc b\u00e1n tr\u00fa \u0111\u01b0\u1ee3c khoa h\u1ecdc v\u00e0 t\u1ea1o kh\u00f4ng gian tho\u1ea3i m\u00e1i cho h\u1ecdc sinh, Tr\u01b0\u1eddng m\u1ea7m non Viet Stars \u0111\u00e3 \u0111\u1ea7u t\u01b0 x\u00e2y d\u1ef1ng h\u1ec7 th\u1ed1ng b\u00e1n tr\u00fa theo \u0111\u00fang ti\u00eau chu\u1ea9n ch\u1ea5t l\u01b0\u1ee3ng cao v\u1edbi \u0111\u1ea7y \u0111\u1ee7 c\u00e1c c\u01a1 s\u1edf h\u1ea1 t\u1ea7ng, ch\u01b0\u01a1ng tr\u00ecnh ch\u0103m s\u00f3c s\u1ee9c kh\u1ecfe dinh d\u01b0\u1ee1ng,\u2026<\/p>\t\t\t\t\t\t<\/div>\n\t\t\t\t<\/div>\n\t\t\t\t<div class=\"elementor-element elementor-element-67a26f0 elementor-widget elementor-widget-heading\" data-id=\"67a26f0\" data-element_type=\"widget\" data-widget_type=\"heading.default\">\n\t\t\t\t<div class=\"elementor-widget-container\">\n\t\t\t<h5 class=\"elementor-heading-title elementor-size-default\"> DINH D\u01af\u1ee0NG<\/h5>\t\t<\/div>\n\t\t\t\t<\/div>\n\t\t\t\t<div class=\"elementor-element elementor-element-18d7ad0 elementor-widget elementor-widget-text-editor\" data-id=\"18d7ad0\" data-element_type=\"widget\" data-widget_type=\"text-editor.default\">\n\t\t\t\t<div class=\"elementor-widget-container\">\n\t\t\t\t\t\t\t<p>Nh\u1edd v\u00e0o \u0111\u1eb3ng c\u1ea5p v\u01b0\u1ee3t tr\u1ed9i trong qu\u1ea3n l\u00fd chu\u1ed7i kh\u00e1ch s\u1ea1n, nh\u00e0 h\u00e0ng cao c\u1ea5p c\u1ee7a Viet Stars,h\u1ec7 th\u1ed1ng b\u1ebfp \u0103n, c\u0103ng-tin c\u1ee7a Viet Stars \u0111\u01b0\u1ee3c thi\u1ebft k\u1ebf hi\u1ec7n \u0111\u1ea1i, tu\u00e2n th\u1ee7 c\u00e1c quy tr\u00ecnh v\u1ec1 an to\u00e0n th\u1ef1c ph\u1ea9m v\u00e0 ch\u1ebf bi\u1ebfn th\u1ee9c \u0103n.<\/p>\n<p>Th\u1ef1c \u0111\u01a1n c\u1ee7a to\u00e0n b\u1ed9 h\u1ec7 th\u1ed1ng Viet Stars phong ph\u00fa, ngon mi\u1ec7ng v\u00e0 \u0111\u01b0\u1ee3c Chuy\u00ean gia Dinh d\u01b0\u1ee1ng h\u1ecdc \u0111\u01b0\u1eddng ch\u1ecbu tr\u00e1ch nhi\u1ec7m chuy\u00ean tr\u00e1ch \u0111\u1ea3m b\u1ea3o ch\u1ebf \u0111\u1ed9 dinh d\u01b0\u1ee1ng \u0111\u1ea7y \u0111\u1ee7 n\u0103ng l\u01b0\u1ee3ng v\u00e0 vi ch\u1ea5t cho h\u1ecdc sinh theo t\u1eebng \u0111\u1ed9 tu\u1ed5i. K\u1ebft h\u1ee3p gi\u1eefa ch\u01b0\u01a1ng tr\u00ecnh Gi\u00e1o d\u1ee5c th\u1ec3 ch\u1ea5t v\u00e0 dinh d\u01b0\u1ee1ng h\u1ecdc \u0111\u01b0\u1eddng, m\u1ed7i h\u1ecdc sinh c\u1ee7a Viet Stars \u0111\u1ec1u \u0111\u01b0\u1ee3c ch\u00fa tr\u1ecdng ph\u00e1t tri\u1ec3n th\u1ec3 l\u1ef1c v\u00e0 t\u1ea7m v\u00f3c theo \u0111\u00fang ti\u00eau chu\u1ea9n.<\/p>\t\t\t\t\t\t<\/div>\n\t\t\t\t<\/div>\n\t\t\t\t<div class=\"elementor-element elementor-element-0c0c8b7 elementor-widget elementor-widget-heading\" data-id=\"0c0c8b7\" data-element_type=\"widget\" data-widget_type=\"heading.default\">\n\t\t\t\t<div class=\"elementor-widget-container\">\n\t\t\t<h5 class=\"elementor-heading-title elementor-size-default\">B\u1ea2O HI\u1ec2M Y T\u1ebe<\/h5>\t\t<\/div>\n\t\t\t\t<\/div>\n\t\t\t\t<div class=\"elementor-element elementor-element-318020e elementor-widget elementor-widget-text-editor\" data-id=\"318020e\" data-element_type=\"widget\" data-widget_type=\"text-editor.default\">\n\t\t\t\t<div class=\"elementor-widget-container\">\n\t\t\t\t\t\t\t<p><strong>Tr\u01b0\u1eddng m\u1ea7m non Viet Stars lu\u00f4n ch\u0103m lo \u0111\u1ebfn m\u1ecdi m\u1eb7t \u0111\u1eddi s\u1ed1ng c\u1ee7a h\u1ecdc sinh, t\u1eeb nhu c\u1ea7u Dinh d\u01b0\u1ee1ng, Th\u1ec3 ch\u1ea5t, Y t\u1ebf cho \u0111\u1ebfn ch\u1ebf \u0111\u1ed9 B\u1ea3o hi\u1ec3m y t\u1ebf v\u00f4 c\u00f9ng thi\u1ebft th\u1ef1c.<\/strong><\/p>\t\t\t\t\t\t<\/div>\n\t\t\t\t<\/div>\n\t\t\t\t\t<\/div>\n\t\t<\/div>\n\t\t\t\t\t\t\t<\/div>\n\t\t<\/section>\n\t\t\t\t\t\t<\/div>\n\t\t\t\t\t<\/div>\n\t\t","protected":false},"excerpt":{"rendered":"<p>D\u1ecaCH V\u1ee4 B\u00c1N TR\u00da VIET STARS GI\u1edaI THI\u1ec6U V\u1ec0 D\u1ecaCH V\u1ee4 B\u00c1N TR\u00da \u0110\u1ec3 \u0111\u1ea3m b\u1ea3o c\u00f4ng t\u00e1c v\u1eadn h\u00e0nh theo m\u00f4 h\u00ecnh tr\u01b0\u1eddng h\u1ecdc b\u00e1n tr\u00fa \u0111\u01b0\u1ee3c khoa h\u1ecdc v\u00e0 t\u1ea1o kh\u00f4ng gian tho\u1ea3i m\u00e1i cho h\u1ecdc sinh, Tr\u01b0\u1eddng m\u1ea7m non Viet Stars \u0111\u00e3 \u0111\u1ea7u t\u01b0 x\u00e2y d\u1ef1ng h\u1ec7 th\u1ed1ng b\u00e1n tr\u00fa theo \u0111\u00fang [&hellip;]<\/p>\n","protected":false},"author":1,"featured_media":0,"parent":0,"menu_order":0,"comment_status":"closed","ping_status":"closed","template":"","meta":{"om_disable_all_campaigns":false,"_monsterinsights_skip_tracking":false,"_monsterinsights_sitenote_active":false,"_monsterinsights_sitenote_note":"","_monsterinsights_sitenote_category":0},"_links":{"self":[{"href":"https:\/\/mnngoisaoviet.com\/index.php?rest_route=\/wp\/v2\/pages\/262"}],"collection":[{"href":"https:\/\/mnngoisaoviet.com\/index.php?rest_route=\/wp\/v2\/pages"}],"about":[{"href":"https:\/\/mnngoisaoviet.com\/index.php?rest_route=\/wp\/v2\/types\/page"}],"author":[{"embeddable":true,"href":"https:\/\/mnngoisaoviet.com\/index.php?rest_route=\/wp\/v2\/users\/1"}],"replies":[{"embeddable":true,"href":"https:\/\/mnngoisaoviet.com\/index.php?rest_route=%2Fwp%2Fv2%2Fcomments&post=262"}],"version-history":[{"count":8,"href":"https:\/\/mnngoisaoviet.com\/index.php?rest_route=\/wp\/v2\/pages\/262\/revisions"}],"predecessor-version":[{"id":1124,"href":"https:\/\/mnngoisaoviet.com\/index.php?rest_route=\/wp\/v2\/pages\/262\/revisions\/1124"}],"wp:attachment":[{"href":"https:\/\/mnngoisaoviet.com\/index.php?rest_route=%2Fwp%2Fv2%2Fmedia&parent=262"}],"curies":[{"name":"wp","href":"https:\/\/api.w.org\/{rel}","templated":true}]}}