{"id":242,"date":"2021-08-24T01:47:00","date_gmt":"2021-08-24T01:47:00","guid":{"rendered":"https:\/\/mnngoisaoviet.com\/?page_id=242"},"modified":"2021-12-29T11:16:39","modified_gmt":"2021-12-29T04:16:39","slug":"thu-ngo","status":"publish","type":"page","link":"https:\/\/mnngoisaoviet.com\/?page_id=242","title":{"rendered":"Th\u01b0 Ng\u1ecf"},"content":{"rendered":"\t\t<div data-elementor-type=\"wp-page\" data-elementor-id=\"242\" class=\"elementor elementor-242\" data-elementor-settings=\"[]\">\n\t\t\t\t\t\t\t<div class=\"elementor-section-wrap\">\n\t\t\t\t\t\t\t<section class=\"elementor-section elementor-top-section elementor-element elementor-element-4b35cdf5 elementor-section-boxed elementor-section-height-default elementor-section-height-default\" data-id=\"4b35cdf5\" data-element_type=\"section\" data-settings=\"{&quot;background_background&quot;:&quot;classic&quot;}\">\n\t\t\t\t\t\t<div class=\"elementor-container elementor-column-gap-wider\">\n\t\t\t\t\t<div class=\"elementor-column elementor-col-100 elementor-top-column elementor-element elementor-element-62cc89d\" data-id=\"62cc89d\" data-element_type=\"column\">\n\t\t\t<div class=\"elementor-widget-wrap elementor-element-populated\">\n\t\t\t\t\t\t\t\t<div class=\"elementor-element elementor-element-5a82bf34 elementor-widget elementor-widget-heading\" data-id=\"5a82bf34\" data-element_type=\"widget\" data-widget_type=\"heading.default\">\n\t\t\t\t<div class=\"elementor-widget-container\">\n\t\t\t<h1 class=\"elementor-heading-title elementor-size-default\">TH\u01af NG\u1ece<\/h1>\t\t<\/div>\n\t\t\t\t<\/div>\n\t\t\t\t<div class=\"elementor-element elementor-element-85eafcb elementor-absolute elementor-hidden-phone elementor-widget elementor-widget-heading\" data-id=\"85eafcb\" data-element_type=\"widget\" data-settings=\"{&quot;_position&quot;:&quot;absolute&quot;}\" data-widget_type=\"heading.default\">\n\t\t\t\t<div class=\"elementor-widget-container\">\n\t\t\t<div class=\"elementor-heading-title elementor-size-default\">VIET STARS<\/div>\t\t<\/div>\n\t\t\t\t<\/div>\n\t\t\t\t<div class=\"elementor-element elementor-element-59cc1da5 elementor-widget__width-auto elementor-absolute elementor-hidden-phone elementor-widget elementor-widget-spacer\" data-id=\"59cc1da5\" data-element_type=\"widget\" data-settings=\"{&quot;motion_fx_motion_fx_mouse&quot;:&quot;yes&quot;,&quot;motion_fx_mouseTrack_effect&quot;:&quot;yes&quot;,&quot;_position&quot;:&quot;absolute&quot;,&quot;motion_fx_mouseTrack_speed&quot;:{&quot;unit&quot;:&quot;px&quot;,&quot;size&quot;:0.5,&quot;sizes&quot;:[]},&quot;motion_fx_tilt_effect&quot;:&quot;yes&quot;,&quot;motion_fx_tilt_speed&quot;:{&quot;unit&quot;:&quot;px&quot;,&quot;size&quot;:&quot;&quot;,&quot;sizes&quot;:[]}}\" data-widget_type=\"spacer.default\">\n\t\t\t\t<div class=\"elementor-widget-container\">\n\t\t\t\t\t<div class=\"elementor-spacer\">\n\t\t\t<div class=\"elementor-spacer-inner\"><\/div>\n\t\t<\/div>\n\t\t\t\t<\/div>\n\t\t\t\t<\/div>\n\t\t\t\t<div class=\"elementor-element elementor-element-7f4304d3 elementor-widget__width-auto elementor-absolute elementor-hidden-phone elementor-widget elementor-widget-spacer\" data-id=\"7f4304d3\" data-element_type=\"widget\" data-settings=\"{&quot;motion_fx_motion_fx_mouse&quot;:&quot;yes&quot;,&quot;motion_fx_mouseTrack_effect&quot;:&quot;yes&quot;,&quot;_position&quot;:&quot;absolute&quot;,&quot;motion_fx_mouseTrack_speed&quot;:{&quot;unit&quot;:&quot;px&quot;,&quot;size&quot;:0.8,&quot;sizes&quot;:[]},&quot;motion_fx_tilt_effect&quot;:&quot;yes&quot;,&quot;motion_fx_tilt_speed&quot;:{&quot;unit&quot;:&quot;px&quot;,&quot;size&quot;:&quot;&quot;,&quot;sizes&quot;:[]}}\" data-widget_type=\"spacer.default\">\n\t\t\t\t<div class=\"elementor-widget-container\">\n\t\t\t\t\t<div class=\"elementor-spacer\">\n\t\t\t<div class=\"elementor-spacer-inner\"><\/div>\n\t\t<\/div>\n\t\t\t\t<\/div>\n\t\t\t\t<\/div>\n\t\t\t\t<div class=\"elementor-element elementor-element-6fea7529 elementor-widget__width-auto elementor-absolute elementor-hidden-tablet elementor-hidden-phone elementor-widget elementor-widget-spacer\" data-id=\"6fea7529\" data-element_type=\"widget\" data-settings=\"{&quot;motion_fx_motion_fx_mouse&quot;:&quot;yes&quot;,&quot;motion_fx_mouseTrack_effect&quot;:&quot;yes&quot;,&quot;_position&quot;:&quot;absolute&quot;,&quot;motion_fx_mouseTrack_direction&quot;:&quot;negative&quot;,&quot;motion_fx_mouseTrack_speed&quot;:{&quot;unit&quot;:&quot;px&quot;,&quot;size&quot;:0.7,&quot;sizes&quot;:[]},&quot;motion_fx_tilt_effect&quot;:&quot;yes&quot;,&quot;motion_fx_tilt_speed&quot;:{&quot;unit&quot;:&quot;px&quot;,&quot;size&quot;:&quot;&quot;,&quot;sizes&quot;:[]}}\" data-widget_type=\"spacer.default\">\n\t\t\t\t<div class=\"elementor-widget-container\">\n\t\t\t\t\t<div class=\"elementor-spacer\">\n\t\t\t<div class=\"elementor-spacer-inner\"><\/div>\n\t\t<\/div>\n\t\t\t\t<\/div>\n\t\t\t\t<\/div>\n\t\t\t\t\t<\/div>\n\t\t<\/div>\n\t\t\t\t\t\t\t<\/div>\n\t\t<\/section>\n\t\t\t\t<section class=\"elementor-section elementor-top-section elementor-element elementor-element-5396ff81 elementor-section-boxed elementor-section-height-default elementor-section-height-default\" data-id=\"5396ff81\" data-element_type=\"section\">\n\t\t\t\t\t\t<div class=\"elementor-container elementor-column-gap-default\">\n\t\t\t\t\t<div class=\"elementor-column elementor-col-50 elementor-top-column elementor-element elementor-element-34bf58ad\" data-id=\"34bf58ad\" data-element_type=\"column\">\n\t\t\t<div class=\"elementor-widget-wrap elementor-element-populated\">\n\t\t\t\t\t\t\t\t<div class=\"elementor-element elementor-element-3c89d986 elementor-widget elementor-widget-image\" data-id=\"3c89d986\" data-element_type=\"widget\" data-widget_type=\"image.default\">\n\t\t\t\t<div class=\"elementor-widget-container\">\n\t\t\t\t\t\t\t\t\t\t\t\t\t\t\t<img decoding=\"async\" src=\"https:\/\/mnngoisaoviet.com\/wp-content\/uploads\/elementor\/thumbs\/e4c8e4222fe1d9bf80f0-pduyl3tdojjunm366po7cwxbdkuvesuezuxwinjqs2.jpg\" title=\"e4c8e4222fe1d9bf80f0\" alt=\"e4c8e4222fe1d9bf80f0\" \/>\t\t\t\t\t\t\t\t\t\t\t\t\t\t\t<\/div>\n\t\t\t\t<\/div>\n\t\t\t\t<div class=\"elementor-element elementor-element-97899bd elementor-widget__width-auto elementor-absolute elementor-hidden-tablet elementor-hidden-phone elementor-widget elementor-widget-spacer\" data-id=\"97899bd\" data-element_type=\"widget\" data-settings=\"{&quot;motion_fx_mouseTrack_effect&quot;:&quot;yes&quot;,&quot;_position&quot;:&quot;absolute&quot;,&quot;motion_fx_mouseTrack_speed&quot;:{&quot;unit&quot;:&quot;px&quot;,&quot;size&quot;:0.5,&quot;sizes&quot;:[]},&quot;motion_fx_tilt_effect&quot;:&quot;yes&quot;,&quot;motion_fx_tilt_speed&quot;:{&quot;unit&quot;:&quot;px&quot;,&quot;size&quot;:0.2,&quot;sizes&quot;:[]},&quot;motion_fx_motion_fx_mouse&quot;:&quot;yes&quot;}\" data-widget_type=\"spacer.default\">\n\t\t\t\t<div class=\"elementor-widget-container\">\n\t\t\t\t\t<div class=\"elementor-spacer\">\n\t\t\t<div class=\"elementor-spacer-inner\"><\/div>\n\t\t<\/div>\n\t\t\t\t<\/div>\n\t\t\t\t<\/div>\n\t\t\t\t<div class=\"elementor-element elementor-element-28dcbfea elementor-widget__width-auto elementor-absolute elementor-hidden-tablet elementor-hidden-phone elementor-widget elementor-widget-spacer\" data-id=\"28dcbfea\" data-element_type=\"widget\" data-settings=\"{&quot;motion_fx_mouseTrack_effect&quot;:&quot;yes&quot;,&quot;_position&quot;:&quot;absolute&quot;,&quot;motion_fx_mouseTrack_speed&quot;:{&quot;unit&quot;:&quot;px&quot;,&quot;size&quot;:0.5,&quot;sizes&quot;:[]},&quot;motion_fx_tilt_effect&quot;:&quot;yes&quot;,&quot;motion_fx_tilt_speed&quot;:{&quot;unit&quot;:&quot;px&quot;,&quot;size&quot;:0.1,&quot;sizes&quot;:[]},&quot;motion_fx_motion_fx_mouse&quot;:&quot;yes&quot;,&quot;motion_fx_mouseTrack_direction&quot;:&quot;negative&quot;}\" data-widget_type=\"spacer.default\">\n\t\t\t\t<div class=\"elementor-widget-container\">\n\t\t\t\t\t<div class=\"elementor-spacer\">\n\t\t\t<div class=\"elementor-spacer-inner\"><\/div>\n\t\t<\/div>\n\t\t\t\t<\/div>\n\t\t\t\t<\/div>\n\t\t\t\t\t<\/div>\n\t\t<\/div>\n\t\t\t\t<div class=\"elementor-column elementor-col-50 elementor-top-column elementor-element elementor-element-1a733dc1\" data-id=\"1a733dc1\" data-element_type=\"column\">\n\t\t\t<div class=\"elementor-widget-wrap elementor-element-populated\">\n\t\t\t\t\t\t\t\t<div class=\"elementor-element elementor-element-4234ae4b elementor-widget elementor-widget-heading\" data-id=\"4234ae4b\" data-element_type=\"widget\" data-widget_type=\"heading.default\">\n\t\t\t\t<div class=\"elementor-widget-container\">\n\t\t\t<h6 class=\"elementor-heading-title elementor-size-default\">Th\u01b0 ng\u1ecf<\/h6>\t\t<\/div>\n\t\t\t\t<\/div>\n\t\t\t\t<div class=\"elementor-element elementor-element-8f12c0a elementor-widget elementor-widget-spacer\" data-id=\"8f12c0a\" data-element_type=\"widget\" data-widget_type=\"spacer.default\">\n\t\t\t\t<div class=\"elementor-widget-container\">\n\t\t\t\t\t<div class=\"elementor-spacer\">\n\t\t\t<div class=\"elementor-spacer-inner\"><\/div>\n\t\t<\/div>\n\t\t\t\t<\/div>\n\t\t\t\t<\/div>\n\t\t\t\t<div class=\"elementor-element elementor-element-640ae8f4 elementor-widget elementor-widget-heading\" data-id=\"640ae8f4\" data-element_type=\"widget\" data-widget_type=\"heading.default\">\n\t\t\t\t<div class=\"elementor-widget-container\">\n\t\t\t<h2 class=\"elementor-heading-title elementor-size-default\">TR\u01af\u1edcNG M\u1ea6M NON VIET STARS<\/h2>\t\t<\/div>\n\t\t\t\t<\/div>\n\t\t\t\t<div class=\"elementor-element elementor-element-59969dc2 elementor-widget elementor-widget-text-editor\" data-id=\"59969dc2\" data-element_type=\"widget\" data-widget_type=\"text-editor.default\">\n\t\t\t\t<div class=\"elementor-widget-container\">\n\t\t\t\t\t\t\t<p class=\"MsoNormal\" style=\"margin: 0pt 0pt 0.0001pt; text-align: justify; font-family: Calibri; font-size: 10.5pt; caret-color: #000000; color: #000000; text-indent: 21pt;\"><em><span style=\"font-family: 'Roboto Regular'; font-size: 14pt;\">Th\u00e2n g\u1eedi qu\u00fd ph\u1ee5 huynh, h\u1ecdc sinh!<\/span><\/em><\/p>\n<p class=\"MsoNormal\" style=\"margin: 0pt 0pt 0.0001pt; text-align: justify; font-family: Calibri; font-size: 10.5pt; caret-color: #000000; color: #000000; text-indent: 21pt;\"><span style=\"font-family: 'Roboto Regular'; font-size: 14pt;\">L\u1eddi \u0111\u1ea7u th\u01b0, ch\u00fang t\u00f4i xin h\u00e2n h\u1ea1nh ch\u00e0o \u0111\u00f3n qu\u00fd ph\u1ee5 huynh, h\u1ecdc sinh \u0111\u1ebfn v\u1edbi tr\u01b0\u1eddng m\u1ea7m non Viet Stars. B\u1eb1ng s\u1ef1 th\u1ea5u hi\u1ec3u v\u00e0 \u0111\u1ed3ng c\u1ea3m s\u00e2u s\u1eafc, ch\u00fang t\u00f4i hi\u1ec3u r\u1eb1ng: \u0110\u1ed1i v\u1edbi m\u1ed7i gia \u0111\u00ecnh, ni\u1ec1m h\u1ea1nh ph\u00fac v\u00f4 c\u00f9ng t\u1ef1 nhi\u00ean, \u1ea5m \u00e1p!<\/span><\/p>\n<p class=\"MsoNormal\" style=\"margin: 0pt 0pt 0.0001pt; text-align: justify; font-family: Calibri; font-size: 10.5pt; caret-color: #000000; color: #000000;\"><span style=\"font-family: 'Roboto Regular'; font-size: 14pt;\">Ch\u00fang ta lu\u00f4n mong m\u1ecfi c\u00e1c con c\u00f3 s\u1ef1 chu\u1ea9n b\u1ecb t\u1ed1i nh\u1ea5t trong giai \u0111o\u1ea1n C\u1eeda s\u1ed5 v\u00e0ng &#8211; 5 n\u0103m \u0111\u1ea7u \u0111\u1eddi qu\u00fd b\u00e1u \u0111\u1ec3 \u01b0\u01a1m m\u1ea7m cho m\u1ed9t t\u01b0\u01a1ng l\u1ea1i b\u00ecnh an, t\u01b0\u01a1i s\u00e1ng ph\u00eda tr\u01b0\u1edbc. S\u1ef1 chu\u1ea9n b\u1ecb \u1ea5y kh\u00f4ng ch\u1ec9 b\u1eaft \u0111\u1ea7u t\u1eeb s\u1ee9c m\u1ea1nh n\u1ed9i t\u1ea1i m\u1ea1nh m\u1ebd b\u00ean trong c\u00e1c con m\u00e0 c\u00f2n \u0111\u1ebfn t\u1eeb s\u1ef1 c\u1ed9ng h\u01b0\u1edfng gi\u1eefa qu\u00fd ph\u1ee5 huynh v\u1edbi th\u1ea7y c\u00f4, nh\u00e0 tr\u01b0\u1eddng.<\/span><\/p>\n<p class=\"MsoNormal\" style=\"margin: 0pt 0pt 0.0001pt; text-align: justify; font-family: Calibri; font-size: 10.5pt; caret-color: #000000; color: #000000; text-indent: 21pt;\"><span style=\"font-family: 'Roboto Regular'; font-size: 14pt;\">L\u1ea5y h\u1ecdc thuy\u1ebft \u0111a tr\u00ed tu\u1ec7 c\u1ee7a gi\u00e1o s\u01b0 \u0110\u1ea1i h\u1ecdc Havard &#8211; Howard Earl Gardner l\u00e0m quan \u0111i\u1ec3m ti\u1ebfp c\u1eadn, t\u1ea1i Viet Stars, m\u1ed7i h\u1ecdc sinh l\u00e0 m\u1ed9t ng\u00f4i sao nh\u1ecf mang c\u00e1 t\u00ednh \u0111\u1ed9c \u0111\u00e1o, \u0111\u1ea7y ti\u1ec1m n\u0103ng, v\u00e0 tr\u01b0\u1eddng m\u1ea7m non Viet Stars l\u00e0 m\u1ed9t b\u1ea7u tr\u1eddi nh\u1ecf, n\u01a1i m\u1ed7i b\u00e9 \u0111\u01b0\u1ee3c t\u1ecfa s\u00e1ng r\u1ef1c r\u1ee1 theo c\u00e1ch ri\u00eang c\u1ee7a ch\u00ednh m\u00ecnh, kh\u00f4ng b\u1ecb ph\u00e1n x\u00e9t, so s\u00e1nh.<\/span><\/p>\n<p class=\"MsoNormal\" style=\"margin: 0pt 0pt 0.0001pt; text-align: justify; font-family: Calibri; font-size: 10.5pt; caret-color: #000000; color: #000000;\"><span style=\"font-family: 'Roboto Regular'; font-size: 14pt;\">&#8220;Where children raise their own shine&#8221;. Viet Stars t\u1ef1 h\u00e0o l\u00e0 tr\u01b0\u1eddng m\u1ea7m non c\u00f3 c\u01a1 s\u1edf v\u1eadt ch\u1ea5t hi\u1ec7n \u0111\u1ea1i, thi\u1ebft k\u1ebf theo chu\u1ea9n qu\u1ed1c t\u1ebf \u0111\u1ea7u ti\u00ean t\u1ea1i Th\u00e0nh ph\u1ed1 Vi\u1ec7t Tr\u00ec v\u1edbi kh\u00f4ng gian g\u1ea7n 4000m<\/span><sup><span style=\"font-family: 'Roboto Regular'; font-size: 14pt; vertical-align: super;\">2 &nbsp;<\/span><\/sup><span style=\"font-family: 'Roboto Regular'; font-size: 14pt;\">tho\u00e1ng m\u00e1t, r\u1ed9ng r\u00e3i, h\u1ec7 th\u1ed1ng c\u00e1c ph\u00f2ng ch\u1ee9c n\u0103ng phong ph\u00fa nh\u01b0: ph\u00f2ng Gym, STEAM Lab, ph\u00f2ng Ngh\u1ec7 thu\u1eadt, ph\u00f2ng Ti\u1ebfng Anh \u0111a ph\u01b0\u01a1ng ti\u1ec7n&#8230; s\u1ebd h\u1ed7 tr\u1ee3 h\u1ecdc sinh ph\u00e1t huy \u0111a tr\u00ed th\u00f4ng minh, r\u00e8n luy\u1ec7n ngo\u1ea1i ng\u1eef v\u00e0 t\u1ef1 tin h\u00f2a nh\u1eadp qu\u1ed1c t\u1ebf. B\u00ean c\u1ea1nh \u0111\u00f3, v\u1edbi ch\u01b0\u01a1ng tr\u00ecnh gi\u00e1o d\u1ee5c STEAM b\u1ea3n quy\u1ec1n t\u1eeb c\u00e1c chuy\u00ean gia \u0111\u1ea7u ng\u00e0nh c\u1ee7a Vi\u1ec7n nghi\u00ean c\u1ee9u \u1ee9ng d\u1ee5ng v\u00e0 ph\u00e1t tri\u1ec3n gi\u00e1o d\u1ee5c, c\u00f9ng v\u1edbi \u0111\u1ed9i ng\u0169 c\u00e1n b\u1ed9, gi\u00e1o vi\u00ean c\u00f3 tr\u00ecnh \u0111\u1ed9 chuy\u00ean m\u00f4n, h\u1ebft l\u00f2ng y\u00eau th\u01b0\u01a1ng c\u00e1c h\u1ecdc sinh, Viet Stars s\u1ebd kh\u00f4ng ng\u1eebng c\u1ed1 g\u1eafng, n\u1ed7 l\u1ef1c mang l\u1ea1i cho c\u00e1c con nh\u1eefng tr\u1ea3i nghi\u1ec7m h\u1ea1nh ph\u00fac v\u00e0 nh\u1eefng k\u1ef9 n\u0103ng s\u1ed1ng h\u1eefu \u00edch.<\/span><\/p>\n<p class=\"MsoNormal\" style=\"margin: 0pt 0pt 0.0001pt; text-align: justify; font-family: Calibri; font-size: 10.5pt; caret-color: #000000; color: #000000; text-indent: 21pt;\"><span style=\"font-family: 'Roboto Regular'; font-size: 14pt;\">M\u1ed9t l\u1ea7n n\u1eefa, ch\u00fang t\u00f4i xin c\u1ea3m \u01a1n ch\u00e2n th\u00e0nh \u0111\u1ebfn qu\u00fd ph\u1ee5 huynh v\u00ec \u0111\u00e3 tin t\u01b0\u1edfng, trao c\u01a1 h\u1ed9i \u0111\u1ec3 Viet Stars \u0111\u1ed3ng h\u00e0nh c\u00f9ng qu\u00fd ph\u1ee5 huynh tr\u00ean h\u00e0nh tr\u00ecnh nu\u00f4i d\u01b0\u1ee1ng c\u00e1c con th\u00e2n y\u00eau. K\u00ednh ch\u00fac qu\u00fd ph\u1ee5 huynh v\u00e0 c\u00e1c con lu\u00f4n d\u1ed3i d\u00e0o s\u1ee9c kh\u1ecfe, h\u1ea1nh ph\u00fac!<\/span><\/p>\t\t\t\t\t\t<\/div>\n\t\t\t\t<\/div>\n\t\t\t\t<div class=\"elementor-element elementor-element-20dcbd4 elementor-widget elementor-widget-text-editor\" data-id=\"20dcbd4\" data-element_type=\"widget\" data-widget_type=\"text-editor.default\">\n\t\t\t\t<div class=\"elementor-widget-container\">\n\t\t\t\t\t\t\t<p style=\"text-align: right;\"><em>Tr\u00e2n tr\u1ecdng!<\/em><\/p><p style=\"text-align: right;\"><strong>BAN GI\u00c1M HI\u1ec6U NH\u00c0 TR\u01af\u1edcNG<\/strong><\/p>\t\t\t\t\t\t<\/div>\n\t\t\t\t<\/div>\n\t\t\t\t\t<\/div>\n\t\t<\/div>\n\t\t\t\t\t\t\t<\/div>\n\t\t<\/section>\n\t\t\t\t\t\t<\/div>\n\t\t\t\t\t<\/div>\n\t\t","protected":false},"excerpt":{"rendered":"<p>TH\u01af NG\u1ece VIET STARS Th\u01b0 ng\u1ecf TR\u01af\u1edcNG M\u1ea6M NON VIET STARS Th\u00e2n g\u1eedi qu\u00fd ph\u1ee5 huynh, h\u1ecdc sinh! L\u1eddi \u0111\u1ea7u th\u01b0, ch\u00fang t\u00f4i xin h\u00e2n h\u1ea1nh ch\u00e0o \u0111\u00f3n qu\u00fd ph\u1ee5 huynh, h\u1ecdc sinh \u0111\u1ebfn v\u1edbi tr\u01b0\u1eddng m\u1ea7m non Viet Stars. B\u1eb1ng s\u1ef1 th\u1ea5u hi\u1ec3u v\u00e0 \u0111\u1ed3ng c\u1ea3m s\u00e2u s\u1eafc, ch\u00fang t\u00f4i hi\u1ec3u r\u1eb1ng: \u0110\u1ed1i v\u1edbi [&hellip;]<\/p>\n","protected":false},"author":1,"featured_media":0,"parent":0,"menu_order":0,"comment_status":"closed","ping_status":"closed","template":"","meta":{"om_disable_all_campaigns":false,"_monsterinsights_skip_tracking":false,"_monsterinsights_sitenote_active":false,"_monsterinsights_sitenote_note":"","_monsterinsights_sitenote_category":0},"_links":{"self":[{"href":"https:\/\/mnngoisaoviet.com\/index.php?rest_route=\/wp\/v2\/pages\/242"}],"collection":[{"href":"https:\/\/mnngoisaoviet.com\/index.php?rest_route=\/wp\/v2\/pages"}],"about":[{"href":"https:\/\/mnngoisaoviet.com\/index.php?rest_route=\/wp\/v2\/types\/page"}],"author":[{"embeddable":true,"href":"https:\/\/mnngoisaoviet.com\/index.php?rest_route=\/wp\/v2\/users\/1"}],"replies":[{"embeddable":true,"href":"https:\/\/mnngoisaoviet.com\/index.php?rest_route=%2Fwp%2Fv2%2Fcomments&post=242"}],"version-history":[{"count":43,"href":"https:\/\/mnngoisaoviet.com\/index.php?rest_route=\/wp\/v2\/pages\/242\/revisions"}],"predecessor-version":[{"id":1152,"href":"https:\/\/mnngoisaoviet.com\/index.php?rest_route=\/wp\/v2\/pages\/242\/revisions\/1152"}],"wp:attachment":[{"href":"https:\/\/mnngoisaoviet.com\/index.php?rest_route=%2Fwp%2Fv2%2Fmedia&parent=242"}],"curies":[{"name":"wp","href":"https:\/\/api.w.org\/{rel}","templated":true}]}}