{"id":238,"date":"2021-08-24T01:43:33","date_gmt":"2021-08-24T01:43:33","guid":{"rendered":"https:\/\/mnngoisaoviet.com\/?page_id=238"},"modified":"2021-08-30T09:42:30","modified_gmt":"2021-08-30T02:42:30","slug":"phuong-phap-giao-duc","status":"publish","type":"page","link":"https:\/\/mnngoisaoviet.com\/?page_id=238","title":{"rendered":"Ph\u01b0\u01a1ng Ph\u00e1p Gi\u00e1o D\u1ee5c"},"content":{"rendered":"\t\t<div data-elementor-type=\"wp-page\" data-elementor-id=\"238\" class=\"elementor elementor-238\" data-elementor-settings=\"[]\">\n\t\t\t\t\t\t\t<div class=\"elementor-section-wrap\">\n\t\t\t\t\t\t\t<section class=\"elementor-section elementor-top-section elementor-element elementor-element-59fa79c7 elementor-section-boxed elementor-section-height-default elementor-section-height-default\" data-id=\"59fa79c7\" data-element_type=\"section\" data-settings=\"{&quot;background_background&quot;:&quot;classic&quot;}\">\n\t\t\t\t\t\t<div class=\"elementor-container elementor-column-gap-wider\">\n\t\t\t\t\t<div class=\"elementor-column elementor-col-100 elementor-top-column elementor-element elementor-element-57b8b254\" data-id=\"57b8b254\" data-element_type=\"column\">\n\t\t\t<div class=\"elementor-widget-wrap elementor-element-populated\">\n\t\t\t\t\t\t\t\t<div class=\"elementor-element elementor-element-7d958afe elementor-widget elementor-widget-heading\" data-id=\"7d958afe\" data-element_type=\"widget\" data-widget_type=\"heading.default\">\n\t\t\t\t<div class=\"elementor-widget-container\">\n\t\t\t<h1 class=\"elementor-heading-title elementor-size-default\">PH\u01af\u01a0NG PH\u00c1P GI\u00c1O D\u1ee4C<\/h1>\t\t<\/div>\n\t\t\t\t<\/div>\n\t\t\t\t<div class=\"elementor-element elementor-element-33cfbd0e elementor-absolute elementor-hidden-phone elementor-widget elementor-widget-heading\" data-id=\"33cfbd0e\" data-element_type=\"widget\" data-settings=\"{&quot;_position&quot;:&quot;absolute&quot;}\" data-widget_type=\"heading.default\">\n\t\t\t\t<div class=\"elementor-widget-container\">\n\t\t\t<div class=\"elementor-heading-title elementor-size-default\">VIET STARS<\/div>\t\t<\/div>\n\t\t\t\t<\/div>\n\t\t\t\t<div class=\"elementor-element elementor-element-50451f10 elementor-widget__width-auto elementor-absolute elementor-hidden-phone elementor-widget elementor-widget-spacer\" data-id=\"50451f10\" data-element_type=\"widget\" data-settings=\"{&quot;motion_fx_motion_fx_mouse&quot;:&quot;yes&quot;,&quot;motion_fx_mouseTrack_effect&quot;:&quot;yes&quot;,&quot;_position&quot;:&quot;absolute&quot;,&quot;motion_fx_mouseTrack_speed&quot;:{&quot;unit&quot;:&quot;px&quot;,&quot;size&quot;:0.5,&quot;sizes&quot;:[]},&quot;motion_fx_tilt_effect&quot;:&quot;yes&quot;,&quot;motion_fx_tilt_speed&quot;:{&quot;unit&quot;:&quot;px&quot;,&quot;size&quot;:&quot;&quot;,&quot;sizes&quot;:[]}}\" data-widget_type=\"spacer.default\">\n\t\t\t\t<div class=\"elementor-widget-container\">\n\t\t\t\t\t<div class=\"elementor-spacer\">\n\t\t\t<div class=\"elementor-spacer-inner\"><\/div>\n\t\t<\/div>\n\t\t\t\t<\/div>\n\t\t\t\t<\/div>\n\t\t\t\t<div class=\"elementor-element elementor-element-67569d5a elementor-widget__width-auto elementor-absolute elementor-hidden-phone elementor-widget elementor-widget-spacer\" data-id=\"67569d5a\" data-element_type=\"widget\" data-settings=\"{&quot;motion_fx_motion_fx_mouse&quot;:&quot;yes&quot;,&quot;motion_fx_mouseTrack_effect&quot;:&quot;yes&quot;,&quot;_position&quot;:&quot;absolute&quot;,&quot;motion_fx_mouseTrack_speed&quot;:{&quot;unit&quot;:&quot;px&quot;,&quot;size&quot;:0.8,&quot;sizes&quot;:[]},&quot;motion_fx_tilt_effect&quot;:&quot;yes&quot;,&quot;motion_fx_tilt_speed&quot;:{&quot;unit&quot;:&quot;px&quot;,&quot;size&quot;:&quot;&quot;,&quot;sizes&quot;:[]}}\" data-widget_type=\"spacer.default\">\n\t\t\t\t<div class=\"elementor-widget-container\">\n\t\t\t\t\t<div class=\"elementor-spacer\">\n\t\t\t<div class=\"elementor-spacer-inner\"><\/div>\n\t\t<\/div>\n\t\t\t\t<\/div>\n\t\t\t\t<\/div>\n\t\t\t\t<div class=\"elementor-element elementor-element-106987d3 elementor-widget__width-auto elementor-absolute elementor-hidden-tablet elementor-hidden-phone elementor-widget elementor-widget-spacer\" data-id=\"106987d3\" data-element_type=\"widget\" data-settings=\"{&quot;motion_fx_motion_fx_mouse&quot;:&quot;yes&quot;,&quot;motion_fx_mouseTrack_effect&quot;:&quot;yes&quot;,&quot;_position&quot;:&quot;absolute&quot;,&quot;motion_fx_mouseTrack_direction&quot;:&quot;negative&quot;,&quot;motion_fx_mouseTrack_speed&quot;:{&quot;unit&quot;:&quot;px&quot;,&quot;size&quot;:0.7,&quot;sizes&quot;:[]},&quot;motion_fx_tilt_effect&quot;:&quot;yes&quot;,&quot;motion_fx_tilt_speed&quot;:{&quot;unit&quot;:&quot;px&quot;,&quot;size&quot;:&quot;&quot;,&quot;sizes&quot;:[]}}\" data-widget_type=\"spacer.default\">\n\t\t\t\t<div class=\"elementor-widget-container\">\n\t\t\t\t\t<div class=\"elementor-spacer\">\n\t\t\t<div class=\"elementor-spacer-inner\"><\/div>\n\t\t<\/div>\n\t\t\t\t<\/div>\n\t\t\t\t<\/div>\n\t\t\t\t\t<\/div>\n\t\t<\/div>\n\t\t\t\t\t\t\t<\/div>\n\t\t<\/section>\n\t\t\t\t<section class=\"elementor-section elementor-top-section elementor-element elementor-element-17f8cca elementor-section-boxed elementor-section-height-default elementor-section-height-default\" data-id=\"17f8cca\" data-element_type=\"section\">\n\t\t\t\t\t\t<div class=\"elementor-container elementor-column-gap-default\">\n\t\t\t\t\t<div class=\"elementor-column elementor-col-33 elementor-top-column elementor-element elementor-element-1f6f9d8\" data-id=\"1f6f9d8\" data-element_type=\"column\">\n\t\t\t<div class=\"elementor-widget-wrap elementor-element-populated\">\n\t\t\t\t\t\t\t\t<div class=\"elementor-element elementor-element-5f9a209 elementor-invisible elementor-widget elementor-widget-image\" data-id=\"5f9a209\" data-element_type=\"widget\" data-settings=\"{&quot;_animation&quot;:&quot;fadeInLeft&quot;}\" data-widget_type=\"image.default\">\n\t\t\t\t<div class=\"elementor-widget-container\">\n\t\t\t\t\t\t\t\t\t\t\t\t\t\t\t<img decoding=\"async\" width=\"549\" height=\"448\" src=\"https:\/\/mnngoisaoviet.com\/wp-content\/uploads\/2021\/08\/2.png\" class=\"attachment-large size-large\" alt=\"\" loading=\"lazy\" \/>\t\t\t\t\t\t\t\t\t\t\t\t\t\t\t<\/div>\n\t\t\t\t<\/div>\n\t\t\t\t\t<\/div>\n\t\t<\/div>\n\t\t\t\t<div class=\"elementor-column elementor-col-66 elementor-top-column elementor-element elementor-element-719492f\" data-id=\"719492f\" data-element_type=\"column\">\n\t\t\t<div class=\"elementor-widget-wrap elementor-element-populated\">\n\t\t\t\t\t\t\t\t<div class=\"elementor-element elementor-element-dd08a16 elementor-widget elementor-widget-heading\" data-id=\"dd08a16\" data-element_type=\"widget\" data-widget_type=\"heading.default\">\n\t\t\t\t<div class=\"elementor-widget-container\">\n\t\t\t<h4 class=\"elementor-heading-title elementor-size-default\">PH\u01af\u01a0NG PH\u00c1P GI\u00c1O D\u1ee4C<\/h4>\t\t<\/div>\n\t\t\t\t<\/div>\n\t\t\t\t<div class=\"elementor-element elementor-element-0d9f3cf elementor-widget elementor-widget-text-editor\" data-id=\"0d9f3cf\" data-element_type=\"widget\" data-widget_type=\"text-editor.default\">\n\t\t\t\t<div class=\"elementor-widget-container\">\n\t\t\t\t\t\t\t<p>H\u1ec7 th\u1ed1ng m\u1ea7m non Viet Stars l\u1ef1a ch\u1ecdn ph\u01b0\u01a1ng ph\u00e1p gi\u00e1o d\u1ee5c STEAM l\u00e0m ch\u1ee7 \u0111\u1ea1o &#8211; \u0111\u00e2y c\u0169ng l\u00e0 ph\u01b0\u01a1ng ph\u00e1p \u0111ang chi\u1ebfm \u01b0u th\u1ebf t\u1ea1i nhi\u1ec1u n\u01b0\u1edbc ph\u00e1t tri\u1ec3n tr\u00ean th\u1ebf gi\u1edbi.<\/p>\t\t\t\t\t\t<\/div>\n\t\t\t\t<\/div>\n\t\t\t\t\t<\/div>\n\t\t<\/div>\n\t\t\t\t\t\t\t<\/div>\n\t\t<\/section>\n\t\t\t\t<section class=\"elementor-section elementor-top-section elementor-element elementor-element-2e792a2 elementor-section-boxed elementor-section-height-default elementor-section-height-default\" data-id=\"2e792a2\" data-element_type=\"section\">\n\t\t\t\t\t\t<div class=\"elementor-container elementor-column-gap-default\">\n\t\t\t\t\t<div class=\"elementor-column elementor-col-100 elementor-top-column elementor-element elementor-element-a687490\" data-id=\"a687490\" data-element_type=\"column\">\n\t\t\t<div class=\"elementor-widget-wrap elementor-element-populated\">\n\t\t\t\t\t\t\t\t<div class=\"elementor-element elementor-element-9ec7ac2 elementor-widget elementor-widget-spacer\" data-id=\"9ec7ac2\" data-element_type=\"widget\" data-widget_type=\"spacer.default\">\n\t\t\t\t<div class=\"elementor-widget-container\">\n\t\t\t\t\t<div class=\"elementor-spacer\">\n\t\t\t<div class=\"elementor-spacer-inner\"><\/div>\n\t\t<\/div>\n\t\t\t\t<\/div>\n\t\t\t\t<\/div>\n\t\t\t\t\t<\/div>\n\t\t<\/div>\n\t\t\t\t\t\t\t<\/div>\n\t\t<\/section>\n\t\t\t\t<section class=\"elementor-section elementor-top-section elementor-element elementor-element-f53098d elementor-section-boxed elementor-section-height-default elementor-section-height-default\" data-id=\"f53098d\" data-element_type=\"section\">\n\t\t\t\t\t\t<div class=\"elementor-container elementor-column-gap-default\">\n\t\t\t\t\t<div class=\"elementor-column elementor-col-66 elementor-top-column elementor-element elementor-element-8eb17ec\" data-id=\"8eb17ec\" data-element_type=\"column\">\n\t\t\t<div class=\"elementor-widget-wrap elementor-element-populated\">\n\t\t\t\t\t\t\t\t<div class=\"elementor-element elementor-element-7aebdda elementor-widget elementor-widget-heading\" data-id=\"7aebdda\" data-element_type=\"widget\" data-widget_type=\"heading.default\">\n\t\t\t\t<div class=\"elementor-widget-container\">\n\t\t\t<h4 class=\"elementor-heading-title elementor-size-default\">STEAM L\u00c0 G\u00cc ?<\/h4>\t\t<\/div>\n\t\t\t\t<\/div>\n\t\t\t\t<div class=\"elementor-element elementor-element-eeb23d8 elementor-widget elementor-widget-text-editor\" data-id=\"eeb23d8\" data-element_type=\"widget\" data-widget_type=\"text-editor.default\">\n\t\t\t\t<div class=\"elementor-widget-container\">\n\t\t\t\t\t\t\t<p>STEAM l\u00e0 s\u1ef1 k\u1ebft h\u1ee3p gi\u1eefa STEM v\u00e0 Art (Ngh\u1ec7 thu\u1eadt s\u00e1ng t\u1ea1o). Gi\u00e1o d\u1ee5c STEM t\u00edch h\u1ee3p c\u00e1c y\u1ebfu t\u1ed1 v\u1ec1 Science (Khoa h\u1ecdc), Technology (C\u00f4ng ngh\u1ec7), Engineering (K\u1ef9 thu\u1eadt) v\u00e0 Math (To\u00e1n h\u1ecdc) kh\u00f4ng ch\u1ec9 gi\u00fap tr\u1ebb hi\u1ec3u bi\u1ebft v\u1ec1 nguy\u00ean l\u00fd m\u00e0 c\u00f2n c\u00f3 th\u1ec3 r\u00fat ng\u1eafn kho\u1ea3ng c\u00e1ch gi\u1eefa ki\u1ebfn th\u1ee9c h\u00e0n l\u00e2m t\u1edbi th\u1ef1c h\u00e0nh \u0111\u1ec3 t\u1ea1o ra \u0111\u01b0\u1ee3c nh\u1eefng s\u1ea3n ph\u1ea9m trong cu\u1ed9c s\u1ed1ng h\u1eb1ng ng\u00e0y. Hi\u1ec7n nay nhi\u1ec1u ph\u1ee5 huynh th\u01b0\u1eddng s\u1eed d\u1ee5ng t\u1eeb \u201cph\u01b0\u01a1ng ph\u00e1p gi\u00e1o d\u1ee5c\u201d khi nh\u1eafc \u0111\u1ebfn STEAM. Tuy nhi\u00ean \u0111i\u1ec1u n\u00e0y l\u1ea1i v\u00f4 t\u00ecnh khi\u1ebfn STEAM b\u1ecb d\u00f9ng sai v\u1ec1 m\u1eb7t b\u1ea3n ch\u1ea5t. Gi\u00e1o d\u1ee5c STEAM l\u00e0 m\u1ed9t m\u1ea3ng l\u1edbn trong gi\u00e1o d\u1ee5c n\u00f3i chung, l\u00e0 m\u1ed9t ph\u1ea7n kh\u00f4ng th\u1ec3 t\u00e1ch r\u1eddi c\u1ee7a gi\u00e1o d\u1ee5c n\u00ean tr\u00ean th\u1ef1c t\u1ebf \u0111\u00f3 kh\u00f4ng \u0111\u01b0\u1ee3c g\u1ecdi l\u00e0 m\u1ed9t ph\u01b0\u01a1ng ph\u00e1p.<\/p>\t\t\t\t\t\t<\/div>\n\t\t\t\t<\/div>\n\t\t\t\t\t<\/div>\n\t\t<\/div>\n\t\t\t\t<div class=\"elementor-column elementor-col-33 elementor-top-column elementor-element elementor-element-cadeb96\" data-id=\"cadeb96\" data-element_type=\"column\">\n\t\t\t<div class=\"elementor-widget-wrap elementor-element-populated\">\n\t\t\t\t\t\t\t\t<div class=\"elementor-element elementor-element-55f4ce6 elementor-invisible elementor-widget elementor-widget-image\" data-id=\"55f4ce6\" data-element_type=\"widget\" data-settings=\"{&quot;_animation&quot;:&quot;fadeInRight&quot;}\" data-widget_type=\"image.default\">\n\t\t\t\t<div class=\"elementor-widget-container\">\n\t\t\t\t\t\t\t\t\t\t\t\t\t\t\t<img decoding=\"async\" width=\"361\" height=\"219\" src=\"https:\/\/mnngoisaoviet.com\/wp-content\/uploads\/2021\/08\/1.png\" class=\"attachment-large size-large\" alt=\"\" loading=\"lazy\" \/>\t\t\t\t\t\t\t\t\t\t\t\t\t\t\t<\/div>\n\t\t\t\t<\/div>\n\t\t\t\t\t<\/div>\n\t\t<\/div>\n\t\t\t\t\t\t\t<\/div>\n\t\t<\/section>\n\t\t\t\t<section class=\"elementor-section elementor-top-section elementor-element elementor-element-74b4c85 elementor-section-boxed elementor-section-height-default elementor-section-height-default\" data-id=\"74b4c85\" data-element_type=\"section\" data-settings=\"{&quot;background_background&quot;:&quot;classic&quot;}\">\n\t\t\t\t\t\t<div class=\"elementor-container elementor-column-gap-default\">\n\t\t\t\t\t<div class=\"elementor-column elementor-col-100 elementor-top-column elementor-element elementor-element-f480c90\" data-id=\"f480c90\" data-element_type=\"column\">\n\t\t\t<div class=\"elementor-widget-wrap elementor-element-populated\">\n\t\t\t\t\t\t\t\t<div class=\"elementor-element elementor-element-3df7077 elementor-widget__width-auto elementor-absolute elementor-hidden-phone elementor-widget elementor-widget-image\" data-id=\"3df7077\" data-element_type=\"widget\" data-settings=\"{&quot;_position&quot;:&quot;absolute&quot;}\" data-widget_type=\"image.default\">\n\t\t\t\t<div class=\"elementor-widget-container\">\n\t\t\t\t\t\t\t\t\t\t\t\t\t\t\t<img decoding=\"async\" width=\"580\" height=\"321\" src=\"https:\/\/mnngoisaoviet.com\/wp-content\/uploads\/2021\/08\/Wave-6.png\" class=\"attachment-large size-large\" alt=\"\" loading=\"lazy\" \/>\t\t\t\t\t\t\t\t\t\t\t\t\t\t\t<\/div>\n\t\t\t\t<\/div>\n\t\t\t\t<div class=\"elementor-element elementor-element-1491b7b elementor-widget__width-initial elementor-absolute elementor-hidden-phone elementor-widget elementor-widget-image\" data-id=\"1491b7b\" data-element_type=\"widget\" data-settings=\"{&quot;_position&quot;:&quot;absolute&quot;}\" data-widget_type=\"image.default\">\n\t\t\t\t<div class=\"elementor-widget-container\">\n\t\t\t\t\t\t\t\t\t\t\t\t\t\t\t<img decoding=\"async\" width=\"590\" height=\"396\" src=\"https:\/\/mnngoisaoviet.com\/wp-content\/uploads\/2021\/08\/Wave-7.png\" class=\"attachment-large size-large\" alt=\"\" loading=\"lazy\" \/>\t\t\t\t\t\t\t\t\t\t\t\t\t\t\t<\/div>\n\t\t\t\t<\/div>\n\t\t\t\t<section class=\"elementor-section elementor-inner-section elementor-element elementor-element-3929207 elementor-section-boxed elementor-section-height-default elementor-section-height-default elementor-invisible\" data-id=\"3929207\" data-element_type=\"section\" data-settings=\"{&quot;animation&quot;:&quot;fadeInUp&quot;}\">\n\t\t\t\t\t\t<div class=\"elementor-container elementor-column-gap-default\">\n\t\t\t\t\t<div class=\"elementor-column elementor-col-100 elementor-inner-column elementor-element elementor-element-9899d0c\" data-id=\"9899d0c\" data-element_type=\"column\">\n\t\t\t<div class=\"elementor-widget-wrap elementor-element-populated\">\n\t\t\t\t\t\t\t\t<div class=\"elementor-element elementor-element-18d405a elementor-widget elementor-widget-image\" data-id=\"18d405a\" data-element_type=\"widget\" data-widget_type=\"image.default\">\n\t\t\t\t<div class=\"elementor-widget-container\">\n\t\t\t\t\t\t\t\t\t\t\t\t\t\t\t<img decoding=\"async\" width=\"2154\" height=\"1431\" src=\"https:\/\/mnngoisaoviet.com\/wp-content\/uploads\/2021\/08\/STEAM.png\" class=\"attachment-full size-full\" alt=\"\" loading=\"lazy\" \/>\t\t\t\t\t\t\t\t\t\t\t\t\t\t\t<\/div>\n\t\t\t\t<\/div>\n\t\t\t\t\t<\/div>\n\t\t<\/div>\n\t\t\t\t\t\t\t<\/div>\n\t\t<\/section>\n\t\t\t\t\t<\/div>\n\t\t<\/div>\n\t\t\t\t\t\t\t<\/div>\n\t\t<\/section>\n\t\t\t\t\t\t<\/div>\n\t\t\t\t\t<\/div>\n\t\t","protected":false},"excerpt":{"rendered":"<p>PH\u01af\u01a0NG PH\u00c1P GI\u00c1O D\u1ee4C VIET STARS PH\u01af\u01a0NG PH\u00c1P GI\u00c1O D\u1ee4C H\u1ec7 th\u1ed1ng m\u1ea7m non Viet Stars l\u1ef1a ch\u1ecdn ph\u01b0\u01a1ng ph\u00e1p gi\u00e1o d\u1ee5c STEAM l\u00e0m ch\u1ee7 \u0111\u1ea1o &#8211; \u0111\u00e2y c\u0169ng l\u00e0 ph\u01b0\u01a1ng ph\u00e1p \u0111ang chi\u1ebfm \u01b0u th\u1ebf t\u1ea1i nhi\u1ec1u n\u01b0\u1edbc ph\u00e1t tri\u1ec3n tr\u00ean th\u1ebf gi\u1edbi. STEAM L\u00c0 G\u00cc ? STEAM l\u00e0 s\u1ef1 k\u1ebft h\u1ee3p gi\u1eefa STEM [&hellip;]<\/p>\n","protected":false},"author":1,"featured_media":0,"parent":0,"menu_order":0,"comment_status":"closed","ping_status":"closed","template":"","meta":{"om_disable_all_campaigns":false,"_monsterinsights_skip_tracking":false,"_monsterinsights_sitenote_active":false,"_monsterinsights_sitenote_note":"","_monsterinsights_sitenote_category":0},"_links":{"self":[{"href":"https:\/\/mnngoisaoviet.com\/index.php?rest_route=\/wp\/v2\/pages\/238"}],"collection":[{"href":"https:\/\/mnngoisaoviet.com\/index.php?rest_route=\/wp\/v2\/pages"}],"about":[{"href":"https:\/\/mnngoisaoviet.com\/index.php?rest_route=\/wp\/v2\/types\/page"}],"author":[{"embeddable":true,"href":"https:\/\/mnngoisaoviet.com\/index.php?rest_route=\/wp\/v2\/users\/1"}],"replies":[{"embeddable":true,"href":"https:\/\/mnngoisaoviet.com\/index.php?rest_route=%2Fwp%2Fv2%2Fcomments&post=238"}],"version-history":[{"count":16,"href":"https:\/\/mnngoisaoviet.com\/index.php?rest_route=\/wp\/v2\/pages\/238\/revisions"}],"predecessor-version":[{"id":696,"href":"https:\/\/mnngoisaoviet.com\/index.php?rest_route=\/wp\/v2\/pages\/238\/revisions\/696"}],"wp:attachment":[{"href":"https:\/\/mnngoisaoviet.com\/index.php?rest_route=%2Fwp%2Fv2%2Fmedia&parent=238"}],"curies":[{"name":"wp","href":"https:\/\/api.w.org\/{rel}","templated":true}]}}