{"id":236,"date":"2021-08-24T01:42:38","date_gmt":"2021-08-24T01:42:38","guid":{"rendered":"https:\/\/mnngoisaoviet.com\/?page_id=236"},"modified":"2021-08-30T08:40:45","modified_gmt":"2021-08-30T01:40:45","slug":"co-so-vat-chat","status":"publish","type":"page","link":"https:\/\/mnngoisaoviet.com\/?page_id=236","title":{"rendered":"C\u01a1 s\u1edf v\u1eadt ch\u1ea5t"},"content":{"rendered":"\t\t<div data-elementor-type=\"wp-page\" data-elementor-id=\"236\" class=\"elementor elementor-236\" data-elementor-settings=\"[]\">\n\t\t\t\t\t\t\t<div class=\"elementor-section-wrap\">\n\t\t\t\t\t\t\t<section class=\"elementor-section elementor-top-section elementor-element elementor-element-c0e5c4b elementor-section-boxed elementor-section-height-default elementor-section-height-default\" data-id=\"c0e5c4b\" data-element_type=\"section\" data-settings=\"{&quot;background_background&quot;:&quot;classic&quot;}\">\n\t\t\t\t\t\t<div class=\"elementor-container elementor-column-gap-wider\">\n\t\t\t\t\t<div class=\"elementor-column elementor-col-100 elementor-top-column elementor-element elementor-element-25fddd16\" data-id=\"25fddd16\" data-element_type=\"column\">\n\t\t\t<div class=\"elementor-widget-wrap elementor-element-populated\">\n\t\t\t\t\t\t\t\t<div class=\"elementor-element elementor-element-2c1c037e elementor-widget elementor-widget-heading\" data-id=\"2c1c037e\" data-element_type=\"widget\" data-widget_type=\"heading.default\">\n\t\t\t\t<div class=\"elementor-widget-container\">\n\t\t\t<h1 class=\"elementor-heading-title elementor-size-default\">C\u01a0 S\u1ede V\u1eacT CH\u1ea4T<\/h1>\t\t<\/div>\n\t\t\t\t<\/div>\n\t\t\t\t<div class=\"elementor-element elementor-element-654e2a56 elementor-absolute elementor-hidden-phone elementor-widget elementor-widget-heading\" data-id=\"654e2a56\" data-element_type=\"widget\" data-settings=\"{&quot;_position&quot;:&quot;absolute&quot;}\" data-widget_type=\"heading.default\">\n\t\t\t\t<div class=\"elementor-widget-container\">\n\t\t\t<div class=\"elementor-heading-title elementor-size-default\">VIET STARS<\/div>\t\t<\/div>\n\t\t\t\t<\/div>\n\t\t\t\t<div class=\"elementor-element elementor-element-46473b75 elementor-widget__width-auto elementor-absolute elementor-hidden-phone elementor-widget elementor-widget-spacer\" data-id=\"46473b75\" data-element_type=\"widget\" data-settings=\"{&quot;motion_fx_motion_fx_mouse&quot;:&quot;yes&quot;,&quot;motion_fx_mouseTrack_effect&quot;:&quot;yes&quot;,&quot;_position&quot;:&quot;absolute&quot;,&quot;motion_fx_mouseTrack_speed&quot;:{&quot;unit&quot;:&quot;px&quot;,&quot;size&quot;:0.5,&quot;sizes&quot;:[]},&quot;motion_fx_tilt_effect&quot;:&quot;yes&quot;,&quot;motion_fx_tilt_speed&quot;:{&quot;unit&quot;:&quot;px&quot;,&quot;size&quot;:&quot;&quot;,&quot;sizes&quot;:[]}}\" data-widget_type=\"spacer.default\">\n\t\t\t\t<div class=\"elementor-widget-container\">\n\t\t\t\t\t<div class=\"elementor-spacer\">\n\t\t\t<div class=\"elementor-spacer-inner\"><\/div>\n\t\t<\/div>\n\t\t\t\t<\/div>\n\t\t\t\t<\/div>\n\t\t\t\t<div class=\"elementor-element elementor-element-3ee82f21 elementor-widget__width-auto elementor-absolute elementor-hidden-phone elementor-widget elementor-widget-spacer\" data-id=\"3ee82f21\" data-element_type=\"widget\" data-settings=\"{&quot;motion_fx_motion_fx_mouse&quot;:&quot;yes&quot;,&quot;motion_fx_mouseTrack_effect&quot;:&quot;yes&quot;,&quot;_position&quot;:&quot;absolute&quot;,&quot;motion_fx_mouseTrack_speed&quot;:{&quot;unit&quot;:&quot;px&quot;,&quot;size&quot;:0.8,&quot;sizes&quot;:[]},&quot;motion_fx_tilt_effect&quot;:&quot;yes&quot;,&quot;motion_fx_tilt_speed&quot;:{&quot;unit&quot;:&quot;px&quot;,&quot;size&quot;:&quot;&quot;,&quot;sizes&quot;:[]}}\" data-widget_type=\"spacer.default\">\n\t\t\t\t<div class=\"elementor-widget-container\">\n\t\t\t\t\t<div class=\"elementor-spacer\">\n\t\t\t<div class=\"elementor-spacer-inner\"><\/div>\n\t\t<\/div>\n\t\t\t\t<\/div>\n\t\t\t\t<\/div>\n\t\t\t\t<div class=\"elementor-element elementor-element-1886730e elementor-widget__width-auto elementor-absolute elementor-hidden-tablet elementor-hidden-phone elementor-widget elementor-widget-spacer\" data-id=\"1886730e\" data-element_type=\"widget\" data-settings=\"{&quot;motion_fx_motion_fx_mouse&quot;:&quot;yes&quot;,&quot;motion_fx_mouseTrack_effect&quot;:&quot;yes&quot;,&quot;_position&quot;:&quot;absolute&quot;,&quot;motion_fx_mouseTrack_direction&quot;:&quot;negative&quot;,&quot;motion_fx_mouseTrack_speed&quot;:{&quot;unit&quot;:&quot;px&quot;,&quot;size&quot;:0.7,&quot;sizes&quot;:[]},&quot;motion_fx_tilt_effect&quot;:&quot;yes&quot;,&quot;motion_fx_tilt_speed&quot;:{&quot;unit&quot;:&quot;px&quot;,&quot;size&quot;:&quot;&quot;,&quot;sizes&quot;:[]}}\" data-widget_type=\"spacer.default\">\n\t\t\t\t<div class=\"elementor-widget-container\">\n\t\t\t\t\t<div class=\"elementor-spacer\">\n\t\t\t<div class=\"elementor-spacer-inner\"><\/div>\n\t\t<\/div>\n\t\t\t\t<\/div>\n\t\t\t\t<\/div>\n\t\t\t\t\t<\/div>\n\t\t<\/div>\n\t\t\t\t\t\t\t<\/div>\n\t\t<\/section>\n\t\t\t\t<section class=\"elementor-section elementor-top-section elementor-element elementor-element-4e78ae8 elementor-section-boxed elementor-section-height-default elementor-section-height-default\" data-id=\"4e78ae8\" data-element_type=\"section\">\n\t\t\t\t\t\t<div class=\"elementor-container elementor-column-gap-default\">\n\t\t\t\t\t<div class=\"elementor-column elementor-col-66 elementor-top-column elementor-element elementor-element-dfb36e0\" data-id=\"dfb36e0\" data-element_type=\"column\">\n\t\t\t<div class=\"elementor-widget-wrap elementor-element-populated\">\n\t\t\t\t\t\t\t\t<div class=\"elementor-element elementor-element-ab013e5 elementor-widget elementor-widget-heading\" data-id=\"ab013e5\" data-element_type=\"widget\" data-widget_type=\"heading.default\">\n\t\t\t\t<div class=\"elementor-widget-container\">\n\t\t\t<h4 class=\"elementor-heading-title elementor-size-default\">C\u01a0 S\u1ede V\u1eacT CH\u1ea4T<\/h4>\t\t<\/div>\n\t\t\t\t<\/div>\n\t\t\t\t<div class=\"elementor-element elementor-element-0666998 elementor-widget elementor-widget-text-editor\" data-id=\"0666998\" data-element_type=\"widget\" data-widget_type=\"text-editor.default\">\n\t\t\t\t<div class=\"elementor-widget-container\">\n\t\t\t\t\t\t\t<p>H\u1ec7 th\u1ed1ng c\u01a1 s\u1edf v\u1eadt ch\u1ea5t \u0111\u1eb3ng c\u1ea5p, trong khu\u00e2n vi\u00ean tr\u01b0\u1eddng g\u1ea7n 4000m\u00b2, tho\u00e1ng m\u00e1t, nhi\u1ec1u c\u00e2y xanh, c\u00e1c ph\u00f2ng h\u1ecdc r\u1ed9ng r\u00e3i (di\u1ec7n t\u00edch t\u1eeb 80 &#8211; 100m\u00b2\/ ph\u00f2ng), t\u1ef1 thi\u1ebft k\u1ebf theo l\u1ed1i ki\u1ebfn tr\u00fac m\u1edf, chan ho\u00e0 \u00e1nh s\u00e1ng t\u1ef1 nhi\u00ean t\u1ea1o n\u00ean m\u00f4i tr\u01b0\u1eddng gi\u00e1o d\u1ee5c hi\u1ec7n \u0111\u1ea1i, g\u1ea7n g\u0169i, gi\u00fap h\u1ecdc sinh tho\u1ea3 s\u1ee9c kh\u00e1m ph\u00e1.<\/p>\t\t\t\t\t\t<\/div>\n\t\t\t\t<\/div>\n\t\t\t\t\t<\/div>\n\t\t<\/div>\n\t\t\t\t<div class=\"elementor-column elementor-col-33 elementor-top-column elementor-element elementor-element-5fb1499\" data-id=\"5fb1499\" data-element_type=\"column\">\n\t\t\t<div class=\"elementor-widget-wrap elementor-element-populated\">\n\t\t\t\t\t\t\t\t<div class=\"elementor-element elementor-element-f83e3ef elementor-widget elementor-widget-image\" data-id=\"f83e3ef\" data-element_type=\"widget\" data-widget_type=\"image.default\">\n\t\t\t\t<div class=\"elementor-widget-container\">\n\t\t\t\t\t\t\t\t\t\t\t\t\t\t\t<img decoding=\"async\" width=\"800\" height=\"450\" src=\"https:\/\/mnngoisaoviet.com\/wp-content\/uploads\/2021\/08\/161080015_101097972076405_6347675165848883598_n-1024x576.jpg\" class=\"attachment-large size-large\" alt=\"\" loading=\"lazy\" \/>\t\t\t\t\t\t\t\t\t\t\t\t\t\t\t<\/div>\n\t\t\t\t<\/div>\n\t\t\t\t\t<\/div>\n\t\t<\/div>\n\t\t\t\t\t\t\t<\/div>\n\t\t<\/section>\n\t\t\t\t<section class=\"elementor-section elementor-top-section elementor-element elementor-element-a6f4355 elementor-section-boxed elementor-section-height-default elementor-section-height-default\" data-id=\"a6f4355\" data-element_type=\"section\">\n\t\t\t\t\t\t<div class=\"elementor-container elementor-column-gap-default\">\n\t\t\t\t\t<div class=\"elementor-column elementor-col-100 elementor-top-column elementor-element elementor-element-26d955f\" data-id=\"26d955f\" data-element_type=\"column\">\n\t\t\t<div class=\"elementor-widget-wrap elementor-element-populated\">\n\t\t\t\t\t\t\t\t<div class=\"elementor-element elementor-element-9434542 elementor-widget elementor-widget-spacer\" data-id=\"9434542\" data-element_type=\"widget\" data-widget_type=\"spacer.default\">\n\t\t\t\t<div class=\"elementor-widget-container\">\n\t\t\t\t\t<div class=\"elementor-spacer\">\n\t\t\t<div class=\"elementor-spacer-inner\"><\/div>\n\t\t<\/div>\n\t\t\t\t<\/div>\n\t\t\t\t<\/div>\n\t\t\t\t\t<\/div>\n\t\t<\/div>\n\t\t\t\t\t\t\t<\/div>\n\t\t<\/section>\n\t\t\t\t<section class=\"elementor-section elementor-top-section elementor-element elementor-element-7ad680d elementor-section-boxed elementor-section-height-default elementor-section-height-default\" data-id=\"7ad680d\" data-element_type=\"section\">\n\t\t\t\t\t\t<div class=\"elementor-container elementor-column-gap-default\">\n\t\t\t\t\t<div class=\"elementor-column elementor-col-100 elementor-top-column elementor-element elementor-element-dbfa150\" data-id=\"dbfa150\" data-element_type=\"column\">\n\t\t\t<div class=\"elementor-widget-wrap elementor-element-populated\">\n\t\t\t\t\t\t\t\t<section class=\"elementor-section elementor-inner-section elementor-element elementor-element-b01ddd6 elementor-section-boxed elementor-section-height-default elementor-section-height-default\" data-id=\"b01ddd6\" data-element_type=\"section\">\n\t\t\t\t\t\t<div class=\"elementor-container elementor-column-gap-narrow\">\n\t\t\t\t\t<div class=\"elementor-column elementor-col-33 elementor-inner-column elementor-element elementor-element-2783749\" data-id=\"2783749\" data-element_type=\"column\">\n\t\t\t<div class=\"elementor-widget-wrap elementor-element-populated\">\n\t\t\t\t\t\t\t\t<div class=\"elementor-element elementor-element-37de174 animated-slow elementor-invisible elementor-widget elementor-widget-image\" data-id=\"37de174\" data-element_type=\"widget\" data-settings=\"{&quot;_animation&quot;:&quot;zoomIn&quot;}\" data-widget_type=\"image.default\">\n\t\t\t\t<div class=\"elementor-widget-container\">\n\t\t\t\t\t\t\t\t\t\t\t\t\t\t\t<img decoding=\"async\" width=\"2560\" height=\"1920\" src=\"https:\/\/mnngoisaoviet.com\/wp-content\/uploads\/2021\/08\/z2590953205702_e636c955c43a5d3419e2c634d5fd7497.jpg\" class=\"attachment-full size-full\" alt=\"\" loading=\"lazy\" \/>\t\t\t\t\t\t\t\t\t\t\t\t\t\t\t<\/div>\n\t\t\t\t<\/div>\n\t\t\t\t<div class=\"elementor-element elementor-element-2ea2307 elementor-widget elementor-widget-heading\" data-id=\"2ea2307\" data-element_type=\"widget\" data-widget_type=\"heading.default\">\n\t\t\t\t<div class=\"elementor-widget-container\">\n\t\t\t<h5 class=\"elementor-heading-title elementor-size-default\">PH\u00d2NG STEAM LAB<\/h5>\t\t<\/div>\n\t\t\t\t<\/div>\n\t\t\t\t<div class=\"elementor-element elementor-element-bf3d614 elementor-widget elementor-widget-text-editor\" data-id=\"bf3d614\" data-element_type=\"widget\" data-widget_type=\"text-editor.default\">\n\t\t\t\t<div class=\"elementor-widget-container\">\n\t\t\t\t\t\t\t<p>\u0110\u01b0\u1ee3c \u0111\u1ea7u t\u01b0, ch\u0103m ch\u00fat t\u1eebng g\u00f3c nh\u1ecf, trang thi\u1ebft b\u1ecb hi\u1ec7n \u0111\u1ea1i nh\u01b0 m\u1ed9t c\u00f4ng x\u01b0\u1edfng khoa h\u1ecdc, n\u01a1i h\u1ecdc sinh tham gia c\u00e1c d\u1ef1 \u00e1n STEAM \u0111a l\u0129nh v\u1ef1c: th\u1ef1c h\u00e0nh m\u1ed9c, th\u00ed nghi\u1ec7m ho\u00e1 h\u1ecdc, v\u1eadt l\u00fd, sinh h\u1ecdc, c\u00f4ng ngh\u1ec7, l\u1eadp tr\u00ecnh t\u1ef1 \u0111\u1ed9ng ho\u00e1&#8230; ngay t\u1eeb l\u1ee9a tu\u1ed5i m\u1ea7m non.<\/p>\t\t\t\t\t\t<\/div>\n\t\t\t\t<\/div>\n\t\t\t\t\t<\/div>\n\t\t<\/div>\n\t\t\t\t<div class=\"elementor-column elementor-col-33 elementor-inner-column elementor-element elementor-element-ead690f\" data-id=\"ead690f\" data-element_type=\"column\">\n\t\t\t<div class=\"elementor-widget-wrap elementor-element-populated\">\n\t\t\t\t\t\t\t\t<div class=\"elementor-element elementor-element-b8e317d animated-slow elementor-invisible elementor-widget elementor-widget-image\" data-id=\"b8e317d\" data-element_type=\"widget\" data-settings=\"{&quot;_animation&quot;:&quot;zoomIn&quot;}\" data-widget_type=\"image.default\">\n\t\t\t\t<div class=\"elementor-widget-container\">\n\t\t\t\t\t\t\t\t\t\t\t\t\t\t\t<img decoding=\"async\" width=\"2560\" height=\"1920\" src=\"https:\/\/mnngoisaoviet.com\/wp-content\/uploads\/2021\/08\/z2594203354076_54e32293a330304b415c4df1a96bb50a.jpg\" class=\"attachment-full size-full\" alt=\"\" loading=\"lazy\" \/>\t\t\t\t\t\t\t\t\t\t\t\t\t\t\t<\/div>\n\t\t\t\t<\/div>\n\t\t\t\t<div class=\"elementor-element elementor-element-ea700f7 elementor-widget elementor-widget-heading\" data-id=\"ea700f7\" data-element_type=\"widget\" data-widget_type=\"heading.default\">\n\t\t\t\t<div class=\"elementor-widget-container\">\n\t\t\t<h5 class=\"elementor-heading-title elementor-size-default\">PH\u00d2NG \u00c2M NH\u1ea0C<\/h5>\t\t<\/div>\n\t\t\t\t<\/div>\n\t\t\t\t<div class=\"elementor-element elementor-element-994d2b9 elementor-widget elementor-widget-text-editor\" data-id=\"994d2b9\" data-element_type=\"widget\" data-widget_type=\"text-editor.default\">\n\t\t\t\t<div class=\"elementor-widget-container\">\n\t\t\t\t\t\t\t<p>Ph\u00f2ng c\u1ea3m th\u1ee5 \u00e2m nh\u1ea1c v\u00e0 th\u1ef1c h\u00e0nh \u0111\u00e0n Organ \u0111\u1ea7y tinh t\u1ebf, g\u1ee3i c\u1ea3m h\u1ee9ng ngh\u1ec7 thu\u1eadt t\u1ea1o \u0111i\u1ec1u ki\u1ec7n ph\u00e1t tri\u1ec3n n\u0103ng khi\u1ebfu \u00e2m nh\u1ea1c trong giai \u0111o\u1ea1n s\u1edbm \u1edf h\u1ecdc sinh.<\/p>\t\t\t\t\t\t<\/div>\n\t\t\t\t<\/div>\n\t\t\t\t\t<\/div>\n\t\t<\/div>\n\t\t\t\t<div class=\"elementor-column elementor-col-33 elementor-inner-column elementor-element elementor-element-0b83d4f\" data-id=\"0b83d4f\" data-element_type=\"column\">\n\t\t\t<div class=\"elementor-widget-wrap elementor-element-populated\">\n\t\t\t\t\t\t\t\t<div class=\"elementor-element elementor-element-43749fa animated-slow elementor-invisible elementor-widget elementor-widget-image\" data-id=\"43749fa\" data-element_type=\"widget\" data-settings=\"{&quot;_animation&quot;:&quot;zoomIn&quot;}\" data-widget_type=\"image.default\">\n\t\t\t\t<div class=\"elementor-widget-container\">\n\t\t\t\t\t\t\t\t\t\t\t\t\t\t\t<img decoding=\"async\" width=\"800\" height=\"534\" src=\"https:\/\/mnngoisaoviet.com\/wp-content\/uploads\/2021\/08\/Asset-8-1024x683.png\" class=\"attachment-large size-large\" alt=\"\" loading=\"lazy\" \/>\t\t\t\t\t\t\t\t\t\t\t\t\t\t\t<\/div>\n\t\t\t\t<\/div>\n\t\t\t\t<div class=\"elementor-element elementor-element-0552529 elementor-widget elementor-widget-heading\" data-id=\"0552529\" data-element_type=\"widget\" data-widget_type=\"heading.default\">\n\t\t\t\t<div class=\"elementor-widget-container\">\n\t\t\t<h5 class=\"elementor-heading-title elementor-size-default\">PH\u00d2NG TI\u1ebeNG ANH<\/h5>\t\t<\/div>\n\t\t\t\t<\/div>\n\t\t\t\t<div class=\"elementor-element elementor-element-383a3af elementor-widget elementor-widget-text-editor\" data-id=\"383a3af\" data-element_type=\"widget\" data-widget_type=\"text-editor.default\">\n\t\t\t\t<div class=\"elementor-widget-container\">\n\t\t\t\t\t\t\t<p>Ph\u00f2ng ti\u1ebfng anh \u0111a ph\u01b0\u01a1ng ti\u1ec7n c\u1ee7a TT Ti\u1ebfng Anh Dolphin Viet Stars v\u1edbi \u0111\u1ed9i ng\u0169 gi\u00e1o vi\u00ean b\u1ea3n \u0111\u1ecba c\u00f3 nghi\u1ec7p v\u1ee5 s\u01b0 ph\u1ea1m h\u1ed7 tr\u1ee3 ho\u1ea1t \u0111\u1ed9ng l\u00e0m quen ti\u1ebfng Anh v\u00e0 l\u00e0 n\u01a1i t\u1ed5 ch\u1ee9c c\u00e1c k\u00ec thi ti\u1ebfng Anh cho h\u1ecdc sinh t\u1eeb m\u1ea7m non \u0111\u1ebfn ph\u1ed5 th\u00f4ng.<\/p>\t\t\t\t\t\t<\/div>\n\t\t\t\t<\/div>\n\t\t\t\t\t<\/div>\n\t\t<\/div>\n\t\t\t\t\t\t\t<\/div>\n\t\t<\/section>\n\t\t\t\t\t<\/div>\n\t\t<\/div>\n\t\t\t\t\t\t\t<\/div>\n\t\t<\/section>\n\t\t\t\t<section class=\"elementor-section elementor-top-section elementor-element elementor-element-18f7ef4 elementor-section-boxed elementor-section-height-default elementor-section-height-default\" data-id=\"18f7ef4\" data-element_type=\"section\">\n\t\t\t\t\t\t<div class=\"elementor-container elementor-column-gap-default\">\n\t\t\t\t\t<div class=\"elementor-column elementor-col-100 elementor-top-column elementor-element elementor-element-0d529a7\" data-id=\"0d529a7\" data-element_type=\"column\">\n\t\t\t<div class=\"elementor-widget-wrap elementor-element-populated\">\n\t\t\t\t\t\t\t\t<section class=\"elementor-section elementor-inner-section elementor-element elementor-element-7a21b8d elementor-section-boxed elementor-section-height-default elementor-section-height-default\" data-id=\"7a21b8d\" data-element_type=\"section\">\n\t\t\t\t\t\t<div class=\"elementor-container elementor-column-gap-narrow\">\n\t\t\t\t\t<div class=\"elementor-column elementor-col-33 elementor-inner-column elementor-element elementor-element-bd01359\" data-id=\"bd01359\" data-element_type=\"column\">\n\t\t\t<div class=\"elementor-widget-wrap elementor-element-populated\">\n\t\t\t\t\t\t\t\t<div class=\"elementor-element elementor-element-afe5ded animated-slow elementor-invisible elementor-widget elementor-widget-image\" data-id=\"afe5ded\" data-element_type=\"widget\" data-settings=\"{&quot;_animation&quot;:&quot;zoomIn&quot;}\" data-widget_type=\"image.default\">\n\t\t\t\t<div class=\"elementor-widget-container\">\n\t\t\t\t\t\t\t\t\t\t\t\t\t\t\t<img decoding=\"async\" width=\"300\" height=\"188\" src=\"https:\/\/mnngoisaoviet.com\/wp-content\/uploads\/2021\/08\/z2613464736988_78bbe6247793cb943c0bce52478f7773-300x188.jpg\" class=\"attachment-medium size-medium\" alt=\"\" loading=\"lazy\" \/>\t\t\t\t\t\t\t\t\t\t\t\t\t\t\t<\/div>\n\t\t\t\t<\/div>\n\t\t\t\t<div class=\"elementor-element elementor-element-30ec024 elementor-widget elementor-widget-heading\" data-id=\"30ec024\" data-element_type=\"widget\" data-widget_type=\"heading.default\">\n\t\t\t\t<div class=\"elementor-widget-container\">\n\t\t\t<h5 class=\"elementor-heading-title elementor-size-default\">PH\u00d2NG GYM<\/h5>\t\t<\/div>\n\t\t\t\t<\/div>\n\t\t\t\t<div class=\"elementor-element elementor-element-a60a447 elementor-widget elementor-widget-text-editor\" data-id=\"a60a447\" data-element_type=\"widget\" data-widget_type=\"text-editor.default\">\n\t\t\t\t<div class=\"elementor-widget-container\">\n\t\t\t\t\t\t\t<p>Ph\u00f2ng Gym do \u0111\u01b0\u1ee3c thi\u1ebft k\u1ebf theo b\u1ea3n quy\u1ec1n Gokids Vi\u1ec7t Nam gi\u00fap kh\u00f4ng ch\u1ec9 ph\u00e1t tri\u1ec3n c\u00e1c k\u1ef9 n\u0103ng v\u1eadn \u0111\u1ed9ng ph\u1ed1i h\u1ee3p m\u00e0 c\u00f2n ph\u00e1t tri\u1ec3n c\u00e1c t\u1ed1 ch\u1ea5t t\u00ednh c\u00e1ch nh\u01b0 s\u1ef1 b\u1ec1n b\u1ec9, t\u1ef1 tin, d\u0169ng c\u1ea3m, t\u1ec9 m\u1ec9,&#8230;<\/p>\t\t\t\t\t\t<\/div>\n\t\t\t\t<\/div>\n\t\t\t\t\t<\/div>\n\t\t<\/div>\n\t\t\t\t<div class=\"elementor-column elementor-col-33 elementor-inner-column elementor-element elementor-element-6e0ae9f\" data-id=\"6e0ae9f\" data-element_type=\"column\">\n\t\t\t<div class=\"elementor-widget-wrap elementor-element-populated\">\n\t\t\t\t\t\t\t\t<div class=\"elementor-element elementor-element-6511c15 animated-slow elementor-invisible elementor-widget elementor-widget-image\" data-id=\"6511c15\" data-element_type=\"widget\" data-settings=\"{&quot;_animation&quot;:&quot;zoomIn&quot;}\" data-widget_type=\"image.default\">\n\t\t\t\t<div class=\"elementor-widget-container\">\n\t\t\t\t\t\t\t\t\t\t\t\t\t\t\t<img decoding=\"async\" width=\"2048\" height=\"1152\" src=\"https:\/\/mnngoisaoviet.com\/wp-content\/uploads\/2021\/08\/161301916_101098072076395_4235949629131284309_n.jpg\" class=\"attachment-full size-full\" alt=\"\" loading=\"lazy\" \/>\t\t\t\t\t\t\t\t\t\t\t\t\t\t\t<\/div>\n\t\t\t\t<\/div>\n\t\t\t\t<div class=\"elementor-element elementor-element-4ba3b68 elementor-widget elementor-widget-heading\" data-id=\"4ba3b68\" data-element_type=\"widget\" data-widget_type=\"heading.default\">\n\t\t\t\t<div class=\"elementor-widget-container\">\n\t\t\t<h5 class=\"elementor-heading-title elementor-size-default\">KHU VUI CH\u01a0I NGO\u00c0I TR\u1edcI<\/h5>\t\t<\/div>\n\t\t\t\t<\/div>\n\t\t\t\t<div class=\"elementor-element elementor-element-a1b1e11 elementor-widget elementor-widget-text-editor\" data-id=\"a1b1e11\" data-element_type=\"widget\" data-widget_type=\"text-editor.default\">\n\t\t\t\t<div class=\"elementor-widget-container\">\n\t\t\t\t\t\t\t<p>C\u00e1c khu vui ch\u01a1i ngo\u00e0i tr\u1eddi \u0111a d\u1ea1ng ch\u1ee9c n\u0103ng \u0111\u00e1p \u1ee9ng nhu c\u1ea7u v\u1eadn \u0111\u1ed9ng c\u1ee7a h\u1ecdc sinh. C\u00e1c khu ch\u01a1i sinh h\u1ecdc v\u1edbi \u0111\u1ea5t s\u00e9t, c\u00e1t, n\u01b0\u1edbc c\u00f3 m\u00e1i che ngo\u00e0i tr\u1eddi cung c\u1ea5p c\u01a1 h\u1ed9i s\u00e1ng t\u1ea1o, vui ch\u01a1i, r\u00e8n luy\u1ec7n k\u1ef9 n\u0103ng sinh t\u1ed3n&#8230;<\/p>\t\t\t\t\t\t<\/div>\n\t\t\t\t<\/div>\n\t\t\t\t\t<\/div>\n\t\t<\/div>\n\t\t\t\t<div class=\"elementor-column elementor-col-33 elementor-inner-column elementor-element elementor-element-7dffeb2\" data-id=\"7dffeb2\" data-element_type=\"column\">\n\t\t\t<div class=\"elementor-widget-wrap elementor-element-populated\">\n\t\t\t\t\t\t\t\t<div class=\"elementor-element elementor-element-57f8931 animated-slow elementor-invisible elementor-widget elementor-widget-image\" data-id=\"57f8931\" data-element_type=\"widget\" data-settings=\"{&quot;_animation&quot;:&quot;zoomIn&quot;}\" data-widget_type=\"image.default\">\n\t\t\t\t<div class=\"elementor-widget-container\">\n\t\t\t\t\t\t\t\t\t\t\t\t\t\t\t<img decoding=\"async\" src=\"https:\/\/mnngoisaoviet.com\/wp-content\/uploads\/elementor\/thumbs\/z2596679076219_79721b0163425a34def5be666e3d4d2f-scaled-e1629862613404-pc48rliqvjves7jd33727shaanyy1ygm0p7by4vek0.jpg\" title=\"z2596679076219_79721b0163425a34def5be666e3d4d2f\" alt=\"z2596679076219_79721b0163425a34def5be666e3d4d2f\" \/>\t\t\t\t\t\t\t\t\t\t\t\t\t\t\t<\/div>\n\t\t\t\t<\/div>\n\t\t\t\t<div class=\"elementor-element elementor-element-14410a7 elementor-widget elementor-widget-heading\" data-id=\"14410a7\" data-element_type=\"widget\" data-widget_type=\"heading.default\">\n\t\t\t\t<div class=\"elementor-widget-container\">\n\t\t\t<h5 class=\"elementor-heading-title elementor-size-default\">H\u1ec6 TH\u1ed0NG B\u1ebeP \u0102N<\/h5>\t\t<\/div>\n\t\t\t\t<\/div>\n\t\t\t\t<div class=\"elementor-element elementor-element-de87e53 elementor-widget elementor-widget-text-editor\" data-id=\"de87e53\" data-element_type=\"widget\" data-widget_type=\"text-editor.default\">\n\t\t\t\t<div class=\"elementor-widget-container\">\n\t\t\t\t\t\t\t<p>H\u1ec7 th\u1ed1ng b\u1ebfp \u0103n m\u1ed9t chi\u1ec1u quy m\u00f4 hi\u1ec7n \u0111\u1ea1i, c\u00f4ng su\u1ea5t h\u01a1n 1000 su\u1ea5t \u0103n, ph\u1ee5c v\u1ee5 c\u00e1c b\u1eefa \u0103n gi\u00e0u dinh d\u01b0\u1ee1ng, \u0111a d\u1ea1ng \u0111\u1ea3m b\u1ea3o v\u1ec7 sinh an to\u00e0n th\u1ef1c ph\u1ea9m cho h\u1ecdc sinh, c\u00e1n b\u1ed9, gi\u00e1o vi\u00ean.<\/p>\t\t\t\t\t\t<\/div>\n\t\t\t\t<\/div>\n\t\t\t\t\t<\/div>\n\t\t<\/div>\n\t\t\t\t\t\t\t<\/div>\n\t\t<\/section>\n\t\t\t\t\t<\/div>\n\t\t<\/div>\n\t\t\t\t\t\t\t<\/div>\n\t\t<\/section>\n\t\t\t\t\t\t<\/div>\n\t\t\t\t\t<\/div>\n\t\t","protected":false},"excerpt":{"rendered":"<p>C\u01a0 S\u1ede V\u1eacT CH\u1ea4T VIET STARS C\u01a0 S\u1ede V\u1eacT CH\u1ea4T H\u1ec7 th\u1ed1ng c\u01a1 s\u1edf v\u1eadt ch\u1ea5t \u0111\u1eb3ng c\u1ea5p, trong khu\u00e2n vi\u00ean tr\u01b0\u1eddng g\u1ea7n 4000m\u00b2, tho\u00e1ng m\u00e1t, nhi\u1ec1u c\u00e2y xanh, c\u00e1c ph\u00f2ng h\u1ecdc r\u1ed9ng r\u00e3i (di\u1ec7n t\u00edch t\u1eeb 80 &#8211; 100m\u00b2\/ ph\u00f2ng), t\u1ef1 thi\u1ebft k\u1ebf theo l\u1ed1i ki\u1ebfn tr\u00fac m\u1edf, chan ho\u00e0 \u00e1nh s\u00e1ng t\u1ef1 nhi\u00ean [&hellip;]<\/p>\n","protected":false},"author":1,"featured_media":0,"parent":0,"menu_order":0,"comment_status":"closed","ping_status":"closed","template":"","meta":{"om_disable_all_campaigns":false,"_monsterinsights_skip_tracking":false,"_monsterinsights_sitenote_active":false,"_monsterinsights_sitenote_note":"","_monsterinsights_sitenote_category":0},"_links":{"self":[{"href":"https:\/\/mnngoisaoviet.com\/index.php?rest_route=\/wp\/v2\/pages\/236"}],"collection":[{"href":"https:\/\/mnngoisaoviet.com\/index.php?rest_route=\/wp\/v2\/pages"}],"about":[{"href":"https:\/\/mnngoisaoviet.com\/index.php?rest_route=\/wp\/v2\/types\/page"}],"author":[{"embeddable":true,"href":"https:\/\/mnngoisaoviet.com\/index.php?rest_route=\/wp\/v2\/users\/1"}],"replies":[{"embeddable":true,"href":"https:\/\/mnngoisaoviet.com\/index.php?rest_route=%2Fwp%2Fv2%2Fcomments&post=236"}],"version-history":[{"count":13,"href":"https:\/\/mnngoisaoviet.com\/index.php?rest_route=\/wp\/v2\/pages\/236\/revisions"}],"predecessor-version":[{"id":630,"href":"https:\/\/mnngoisaoviet.com\/index.php?rest_route=\/wp\/v2\/pages\/236\/revisions\/630"}],"wp:attachment":[{"href":"https:\/\/mnngoisaoviet.com\/index.php?rest_route=%2Fwp%2Fv2%2Fmedia&parent=236"}],"curies":[{"name":"wp","href":"https:\/\/api.w.org\/{rel}","templated":true}]}}